{"id":4258,"date":"2023-03-18T07:10:54","date_gmt":"2023-03-18T06:10:54","guid":{"rendered":"https:\/\/nauticahotels.com\/kontakt\/"},"modified":"2026-02-25T14:58:21","modified_gmt":"2026-02-25T13:58:21","slug":"kontakt","status":"publish","type":"page","link":"https:\/\/nauticahotels.com\/de\/kontakt\/","title":{"rendered":"Kontakt"},"content":{"rendered":"\t\t<div data-elementor-type=\"wp-page\" data-elementor-id=\"4258\" class=\"elementor elementor-4258 elementor-697\">\n\t\t\t\t\t\t<section class=\"elementor-section elementor-top-section elementor-element elementor-element-ca1656d elementor-section-height-min-height cs-section-content-fullwidth cs-parallax-on-scroll cs_scroll_y_100 elementor-section-boxed elementor-section-height-default elementor-section-items-middle\" data-id=\"ca1656d\" data-element_type=\"section\" data-e-type=\"section\" data-settings=\"{&quot;background_background&quot;:&quot;classic&quot;}\" data-cs-parallax-y=\"100\" style=\"background-image: none;\" data-cs-background-image=\"https:\/\/nauticahotels.com\/wp-content\/uploads\/2024\/05\/hotel-nautica-view-marina21-novigrad-istria.jpg\">\n\t\t\t\t\t\t\t<div class=\"elementor-background-overlay\"><\/div>\n\t\t\t\t\t\t\t<div class=\"elementor-container elementor-column-gap-no\">\n\t\t\t\t\t<div class=\"elementor-column elementor-col-100 elementor-top-column elementor-element elementor-element-6b2c1df dark-color\" data-id=\"6b2c1df\" data-element_type=\"column\" data-e-type=\"column\">\n\t\t\t<div class=\"elementor-widget-wrap elementor-element-populated\">\n\t\t\t\t\t\t<div class=\"elementor-element elementor-element-ed3f97e elementor-widget elementor-widget-cs_title\" data-id=\"ed3f97e\" data-element_type=\"widget\" data-e-type=\"widget\" data-widget_type=\"cs_title.default\">\n\t\t\t\t<div class=\"elementor-widget-container\">\n\t\t\t\t\t\n        <div class=\"cs-title-wrap text-center\">\t            <div class=\"cs-subtitle-wrap\"><span class=\"cs-subtitle color-white\">Mit uns verbinden<\/span><\/div>\t            <h1 class=\"cs-title\">\n\t                Kontakt\t            <\/h1>\t            <div class=\"cs-title-text\">\n\t                <p>F\u00fcr Buchungen und Anfragen rufen Sie uns bitte an oder schreiben Sie uns.<\/p>\n\t            <\/div>        <\/div>\t\t\t\t<\/div>\n\t\t\t\t<\/div>\n\t\t\t\t\t<\/div>\n\t\t<\/div>\n\t\t\t\t\t<\/div>\n\t\t<\/section>\n\t\t\t\t<section class=\"elementor-section elementor-top-section elementor-element elementor-element-ac9ba41 elementor-section-full_width elementor-section-content-middle elementor-section-height-default elementor-section-height-default\" data-id=\"ac9ba41\" data-element_type=\"section\" data-e-type=\"section\">\n\t\t\t\t\t\t<div class=\"elementor-container elementor-column-gap-no\">\n\t\t\t\t\t<div class=\"elementor-column elementor-col-50 elementor-top-column elementor-element elementor-element-a9f3bc2\" data-id=\"a9f3bc2\" data-element_type=\"column\" data-e-type=\"column\">\n\t\t\t<div class=\"elementor-widget-wrap elementor-element-populated\">\n\t\t\t\t\t\t<div class=\"elementor-element elementor-element-d6a0979 elementor-widget elementor-widget-cs_title\" data-id=\"d6a0979\" data-element_type=\"widget\" data-e-type=\"widget\" data-widget_type=\"cs_title.default\">\n\t\t\t\t<div class=\"elementor-widget-container\">\n\t\t\t\t\t\n        <div class=\"cs-title-wrap\">\t            <div class=\"cs-subtitle-wrap\"><span class=\"cs-subtitle\">Kontaktinformationen<\/span><\/div>\t            <h5 class=\"cs-title\">\n\t                Hotel Nautica\t            <\/h5>\t            <div class=\"cs-title-text\">\n\t                <p>Sv. Antona 15<br \/>52466 Novigrad<br \/>Istrien Kroatien<\/p>\n<p><strong>Telefon Nummer:<\/strong> <a href=\"tel:+38552600400\">+385 52 600 400<\/a><br \/><strong>E-Mail:<\/strong> <a href=\"mailto:info@nauticahotels.com\">info@nauticahotels.com<\/a><\/p>\n\t            <\/div>        <\/div>\t\t\t\t<\/div>\n\t\t\t\t<\/div>\n\t\t\t\t<div class=\"elementor-element elementor-element-27ae3a6 elementor-widget-divider--view-line elementor-widget elementor-widget-divider\" data-id=\"27ae3a6\" data-element_type=\"widget\" data-e-type=\"widget\" data-widget_type=\"divider.default\">\n\t\t\t\t<div class=\"elementor-widget-container\">\n\t\t\t\t\t\t\t<div class=\"elementor-divider\">\n\t\t\t<span class=\"elementor-divider-separator\">\n\t\t\t\t\t\t<\/span>\n\t\t<\/div>\n\t\t\t\t\t\t<\/div>\n\t\t\t\t<\/div>\n\t\t\t\t<section class=\"elementor-section elementor-inner-section elementor-element elementor-element-06aaef6 elementor-section-boxed elementor-section-height-default elementor-section-height-default\" data-id=\"06aaef6\" data-element_type=\"section\" data-e-type=\"section\">\n\t\t\t\t\t\t<div class=\"elementor-container elementor-column-gap-no\">\n\t\t\t\t\t<div class=\"elementor-column elementor-col-50 elementor-inner-column elementor-element elementor-element-c6d447a\" data-id=\"c6d447a\" data-element_type=\"column\" data-e-type=\"column\">\n\t\t\t<div class=\"elementor-widget-wrap elementor-element-populated\">\n\t\t\t\t\t\t<div class=\"elementor-element elementor-element-a679ad2 elementor-widget elementor-widget-cs_title\" data-id=\"a679ad2\" data-element_type=\"widget\" data-e-type=\"widget\" data-widget_type=\"cs_title.default\">\n\t\t\t\t<div class=\"elementor-widget-container\">\n\t\t\t\t\t\n        <div class=\"cs-title-wrap\">\t            <h6 class=\"cs-title\">\n\t                Unterkunft\t            <\/h6>\t            <div class=\"cs-title-text\">\n\t                <p>Anfragen &amp; Buchungen<br \/>Telefon: +385 52 600 400<br \/>E: info@nauticahotels.com<\/p>\n\t            <\/div>        <\/div>\t\t\t\t<\/div>\n\t\t\t\t<\/div>\n\t\t\t\t<div class=\"elementor-element elementor-element-f74227d elementor-widget elementor-widget-cs_title\" data-id=\"f74227d\" data-element_type=\"widget\" data-e-type=\"widget\" data-widget_type=\"cs_title.default\">\n\t\t\t\t<div class=\"elementor-widget-container\">\n\t\t\t\t\t\n        <div class=\"cs-title-wrap\">\t            <h6 class=\"cs-title\">\n\t                Verkaufsabteilung\t            <\/h6>\t            <div class=\"cs-title-text\">\n\t                <p>Anfragen &amp; Buchungen<br \/>E-Mail: sold@nauticahotels.com<\/p>\n\t            <\/div>        <\/div>\t\t\t\t<\/div>\n\t\t\t\t<\/div>\n\t\t\t\t\t<\/div>\n\t\t<\/div>\n\t\t\t\t<div class=\"elementor-column elementor-col-50 elementor-inner-column elementor-element elementor-element-2c337b6\" data-id=\"2c337b6\" data-element_type=\"column\" data-e-type=\"column\">\n\t\t\t<div class=\"elementor-widget-wrap elementor-element-populated\">\n\t\t\t\t\t\t<div class=\"elementor-element elementor-element-4703206 elementor-widget elementor-widget-cs_title\" data-id=\"4703206\" data-element_type=\"widget\" data-e-type=\"widget\" data-widget_type=\"cs_title.default\">\n\t\t\t\t<div class=\"elementor-widget-container\">\n\t\t\t\t\t\n        <div class=\"cs-title-wrap\">\t            <h6 class=\"cs-title\">\n\t                Gruppen\t            <\/h6>\t            <div class=\"cs-title-text\">\n\t                <p>Anfragen &amp; Buchungen<br \/>Telefon: +385 52 600 400<br \/>E: <span style=\"color: var(--content-color); background-color: var(--bg-color); font-family: var(--body-font);\">info@nauticahotels.com<\/span><\/p>\t            <\/div>        <\/div>\t\t\t\t<\/div>\n\t\t\t\t<\/div>\n\t\t\t\t\t<\/div>\n\t\t<\/div>\n\t\t\t\t\t<\/div>\n\t\t<\/section>\n\t\t\t\t\t<\/div>\n\t\t<\/div>\n\t\t\t\t<div class=\"elementor-column elementor-col-50 elementor-top-column elementor-element elementor-element-a630739\" data-id=\"a630739\" data-element_type=\"column\" data-e-type=\"column\" data-settings=\"{&quot;background_background&quot;:&quot;classic&quot;}\">\n\t\t\t<div class=\"elementor-widget-wrap elementor-element-populated\">\n\t\t\t\t\t\t<section class=\"elementor-section elementor-inner-section elementor-element elementor-element-1165b93 elementor-section-boxed elementor-section-height-default elementor-section-height-default\" data-id=\"1165b93\" data-element_type=\"section\" data-e-type=\"section\" data-settings=\"{&quot;background_background&quot;:&quot;classic&quot;}\">\n\t\t\t\t\t\t<div class=\"elementor-container elementor-column-gap-no\">\n\t\t\t\t\t<div class=\"elementor-column elementor-col-100 elementor-inner-column elementor-element elementor-element-c8421f3\" data-id=\"c8421f3\" data-element_type=\"column\" data-e-type=\"column\">\n\t\t\t<div class=\"elementor-widget-wrap elementor-element-populated\">\n\t\t\t\t\t\t<div class=\"elementor-element elementor-element-ee636a2 elementor-widget elementor-widget-cs_title\" data-id=\"ee636a2\" data-element_type=\"widget\" data-e-type=\"widget\" data-widget_type=\"cs_title.default\">\n\t\t\t\t<div class=\"elementor-widget-container\">\n\t\t\t\t\t\n        <div class=\"cs-title-wrap text-center\">\t            <div class=\"cs-subtitle-wrap\"><span class=\"cs-subtitle\">Kontakt-Formular<\/span><\/div>\t            <h5 class=\"cs-title\">\n\t                Beginnen wir eine Konversation\t            <\/h5>        <\/div>\t\t\t\t<\/div>\n\t\t\t\t<\/div>\n\t\t\t\t<div class=\"elementor-element elementor-element-d1eca60 elementor-widget elementor-widget-cs_form_cf7\" data-id=\"d1eca60\" data-element_type=\"widget\" data-e-type=\"widget\" data-widget_type=\"cs_form_cf7.default\">\n\t\t\t\t<div class=\"elementor-widget-container\">\n\t\t\t\t\t            <div class=\"cs-form-cf7 placeholder-normal\">\n                <div class=\"cs-form-cf7-wrap\">\n<div class=\"wpcf7 no-js\" id=\"wpcf7-f8467-o1\" lang=\"en-US\" dir=\"ltr\" data-wpcf7-id=\"8467\">\n<div class=\"screen-reader-response\"><p role=\"status\" aria-live=\"polite\" aria-atomic=\"true\"><\/p> <ul><\/ul><\/div>\n<form action=\"\/de\/wp-json\/wp\/v2\/pages\/4258#wpcf7-f8467-o1\" method=\"post\" class=\"wpcf7-form init\" aria-label=\"Contact form\" novalidate=\"novalidate\" data-status=\"init\">\n<fieldset class=\"hidden-fields-container\"><input type=\"hidden\" name=\"_wpcf7\" value=\"8467\" \/><input type=\"hidden\" name=\"_wpcf7_version\" value=\"6.1.5\" \/><input type=\"hidden\" name=\"_wpcf7_locale\" value=\"en_US\" \/><input type=\"hidden\" name=\"_wpcf7_unit_tag\" value=\"wpcf7-f8467-o1\" \/><input type=\"hidden\" name=\"_wpcf7_container_post\" value=\"0\" \/><input type=\"hidden\" name=\"_wpcf7_posted_data_hash\" value=\"\" \/><input type=\"hidden\" name=\"_wpcf7_recaptcha_response\" value=\"\" \/>\n<\/fieldset>\n<p><label>Va\u0161e ime*<\/label>\n<\/p>\n<p><span class=\"wpcf7-form-control-wrap\" data-name=\"your-name\"><input size=\"40\" maxlength=\"400\" class=\"wpcf7-form-control wpcf7-text wpcf7-validates-as-required\" aria-required=\"true\" aria-invalid=\"false\" value=\"\" type=\"text\" name=\"your-name\" \/><\/span>\n<\/p>\n<p><label>Va\u0161 e-po\u0161tni naslov*<\/label>\n<\/p>\n<p><span class=\"wpcf7-form-control-wrap\" data-name=\"your-email\"><input size=\"40\" maxlength=\"400\" class=\"wpcf7-form-control wpcf7-email wpcf7-validates-as-required wpcf7-text wpcf7-validates-as-email\" aria-required=\"true\" aria-invalid=\"false\" value=\"\" type=\"email\" name=\"your-email\" \/><\/span>\n<\/p>\n<p><label>Va\u0161a telefonska \u0161tevilka (vklju\u010dno s klicno \u0161tevilko dr\u017eave)*<\/label>\n<\/p>\n<p><span class=\"wpcf7-form-control-wrap\" data-name=\"your-phone\"><input size=\"40\" maxlength=\"400\" class=\"wpcf7-form-control wpcf7-tel wpcf7-validates-as-required wpcf7-text wpcf7-validates-as-tel\" aria-required=\"true\" aria-invalid=\"false\" placeholder=\"+385...\" value=\"\" type=\"tel\" name=\"your-phone\" \/><\/span>\n<\/p>\n<p><label>Datum prihoda*<\/label>\n<\/p>\n<p><span class=\"wpcf7-form-control-wrap\" data-name=\"arrival-date\"><input class=\"wpcf7-form-control wpcf7-date wpcf7-validates-as-required wpcf7-validates-as-date\" aria-required=\"true\" aria-invalid=\"false\" value=\"\" type=\"date\" name=\"arrival-date\" \/><\/span>\n<\/p>\n<p><label>Datum odhoda*<\/label>\n<\/p>\n<p><span class=\"wpcf7-form-control-wrap\" data-name=\"departure-date\"><input class=\"wpcf7-form-control wpcf7-date wpcf7-validates-as-required wpcf7-validates-as-date\" aria-required=\"true\" aria-invalid=\"false\" value=\"\" type=\"date\" name=\"departure-date\" \/><\/span>\n<\/p>\n<p><label>\u0160tevilo gostov*<\/label>\n<\/p>\n<p><span class=\"wpcf7-form-control-wrap\" data-name=\"number-of-guests\"><input class=\"wpcf7-form-control wpcf7-number wpcf7-validates-as-required wpcf7-validates-as-number\" min=\"1\" aria-required=\"true\" aria-invalid=\"false\" value=\"\" type=\"number\" name=\"number-of-guests\" \/><\/span>\n<\/p>\n<p><label>Va\u0161e sporo\u010dilo<\/label>\n<\/p>\n<p><span class=\"wpcf7-form-control-wrap\" data-name=\"your-message\"><textarea cols=\"40\" rows=\"10\" maxlength=\"2000\" class=\"wpcf7-form-control wpcf7-textarea\" aria-invalid=\"false\" name=\"your-message\"><\/textarea><\/span>\n<\/p>\n<p><input class=\"wpcf7-form-control wpcf7-submit has-spinner\" type=\"submit\" value=\"Send Request\" \/>\n<\/p>\n<span class=\"wpcf7-form-control-wrap recaptcha\" data-name=\"recaptcha\"><span data-sitekey=\"6LetCzUrAAAAAFW1UkRlL1IC3fAeplGNehtR8203\" class=\"wpcf7-form-control wpcf7-recaptcha g-recaptcha\"><\/span>\r\n<noscript>\r\n\t<div class=\"grecaptcha-noscript\">\r\n\t\t<iframe src=\"https:\/\/www.google.com\/recaptcha\/api\/fallback?k=6LetCzUrAAAAAFW1UkRlL1IC3fAeplGNehtR8203\" frameborder=\"0\" scrolling=\"no\" width=\"310\" height=\"430\">\r\n\t\t<\/iframe>\r\n\t\t<textarea name=\"g-recaptcha-response\" rows=\"3\" cols=\"40\" placeholder=\"reCaptcha Response Here\">\r\n\t\t<\/textarea>\r\n\t<\/div>\r\n<\/noscript>\r\n<\/span><div class=\"wpcf7-response-output\" aria-hidden=\"true\"><\/div>\n<\/form>\n<\/div>\n<\/div>\n            <\/div>\t\t\t\t<\/div>\n\t\t\t\t<\/div>\n\t\t\t\t\t<\/div>\n\t\t<\/div>\n\t\t\t\t\t<\/div>\n\t\t<\/section>\n\t\t\t\t\t<\/div>\n\t\t<\/div>\n\t\t\t\t\t<\/div>\n\t\t<\/section>\n\t\t\t\t<\/div>\n\t\t","protected":false},"excerpt":{"rendered":"<p>Mit uns verbinden Kontakt F\u00fcr Buchungen und Anfragen rufen Sie uns bitte an oder schreiben Sie uns. Kontaktinformationen Hotel Nautica Sv. Antona 1552466 NovigradIstrien Kroatien Telefon Nummer: +385 52 600 400E-Mail: info@nauticahotels.com Unterkunft Anfragen &amp; BuchungenTelefon: +385 52 600 400E: info@nauticahotels.com Verkaufsabteilung Anfragen &amp; BuchungenE-Mail: sold@nauticahotels.com Gruppen Anfragen &amp; BuchungenTelefon: +385 52 600 400E: info@nauticahotels.com &#8230;<\/p>\n","protected":false},"author":1,"featured_media":0,"parent":0,"menu_order":0,"comment_status":"closed","ping_status":"closed","template":"template-wide-content.php","meta":{"cozystay_single_page_hide_site_header":"","cozystay_single_page_site_header_source":"","cozystay_single_page_custom_site_header":"","cozystay_single_page_custom_sticky_site_header":"","cozystay_single_page_hide_page_title":"on","cozystay_single_page_header_section_size":"","cozystay_single_page_header_background_color":"","cozystay_single_page_header_background_position_x":"center","cozystay_single_page_header_background_position_y":"center","cozystay_single_page_header_background_size":"cover","cozystay_single_page_header_background_repeat":"off","cozystay_single_page_header_background_scroll":"on","cozystay_single_page_header_text_color":"","cozystay_single_page_header_show_breadcrumb":"","cozystay_single_page_site_footer_hide_main":"","cozystay_single_custom_site_footer_main_source":"","cozystay_single_custom_site_footer_main":"","cozystay_single_page_site_footer_hide_above":"","cozystay_single_custom_site_footer_above_source":"","cozystay_single_custom_site_footer_above":"","cozystay_single_page_site_footer_hide_instagram":"","cozystay_single_page_site_footer_hide_bottom":"","cozystay_single_custom_mobile_menu_source":"","cozystay_single_custom_mobile_menu":"","cozystay_single_custom_mobile_menu_animation":"","cozystay_single_custom_mobile_menu_width":"","cozystay_single_custom_mobile_menu_custom_width":375,"footnotes":""},"class_list":["post-4258","page","type-page","status-publish","hentry"],"yoast_head":"<!-- This site is optimized with the Yoast SEO plugin v27.3 - https:\/\/yoast.com\/product\/yoast-seo-wordpress\/ -->\n<title>Kontakt - Hotel Nautica - Wellness &amp; SPA, Kostenloses Parken, Haustierfreundlich<\/title>\n<meta name=\"robots\" content=\"index, follow, max-snippet:-1, max-image-preview:large, max-video-preview:-1\" \/>\n<link rel=\"canonical\" href=\"https:\/\/nauticahotels.com\/de\/kontakt\/\" \/>\n<meta property=\"og:locale\" content=\"de_DE\" \/>\n<meta property=\"og:type\" content=\"article\" \/>\n<meta property=\"og:title\" content=\"Kontakt - Hotel Nautica - Wellness &amp; SPA, Kostenloses Parken, Haustierfreundlich\" \/>\n<meta property=\"og:description\" content=\"Mit uns verbinden Kontakt F\u00fcr Buchungen und Anfragen rufen Sie uns bitte an oder schreiben Sie uns. Kontaktinformationen Hotel Nautica Sv. Antona 1552466 NovigradIstrien Kroatien Telefon Nummer: +385 52 600 400E-Mail: info@nauticahotels.com Unterkunft Anfragen &amp; BuchungenTelefon: +385 52 600 400E: info@nauticahotels.com Verkaufsabteilung Anfragen &amp; BuchungenE-Mail: sold@nauticahotels.com Gruppen Anfragen &amp; BuchungenTelefon: +385 52 600 400E: info@nauticahotels.com ...\" \/>\n<meta property=\"og:url\" content=\"https:\/\/nauticahotels.com\/de\/kontakt\/\" \/>\n<meta property=\"og:site_name\" content=\"Hotel Nautica - Wellness &amp; SPA, Kostenloses Parken, Haustierfreundlich\" \/>\n<meta property=\"article:publisher\" content=\"https:\/\/www.facebook.com\/hotelnautica\/\" \/>\n<meta property=\"article:modified_time\" content=\"2026-02-25T13:58:21+00:00\" \/>\n<meta property=\"og:image\" content=\"https:\/\/nauticahotels.com\/wp-content\/uploads\/2024\/06\/deluxe-double-room-hotel-nautica-sea-view-marina21-novigrad-kroatien-2.jpg\" \/>\n\t<meta property=\"og:image:width\" content=\"1920\" \/>\n\t<meta property=\"og:image:height\" content=\"1080\" \/>\n\t<meta property=\"og:image:type\" content=\"image\/jpeg\" \/>\n<meta name=\"twitter:card\" content=\"summary_large_image\" \/>\n<meta name=\"twitter:label1\" content=\"Gesch\u00e4tzte Lesezeit\" \/>\n\t<meta name=\"twitter:data1\" content=\"1\u00a0Minute\" \/>\n<script type=\"application\/ld+json\" class=\"yoast-schema-graph\">{\"@context\":\"https:\\\/\\\/schema.org\",\"@graph\":[{\"@type\":\"WebPage\",\"@id\":\"https:\\\/\\\/nauticahotels.com\\\/de\\\/kontakt\\\/\",\"url\":\"https:\\\/\\\/nauticahotels.com\\\/de\\\/kontakt\\\/\",\"name\":\"Kontakt - Hotel Nautica - Wellness &amp; SPA, Kostenloses Parken, Haustierfreundlich\",\"isPartOf\":{\"@id\":\"https:\\\/\\\/nauticahotels.com\\\/de\\\/#website\"},\"datePublished\":\"2023-03-18T06:10:54+00:00\",\"dateModified\":\"2026-02-25T13:58:21+00:00\",\"breadcrumb\":{\"@id\":\"https:\\\/\\\/nauticahotels.com\\\/de\\\/kontakt\\\/#breadcrumb\"},\"inLanguage\":\"de\",\"potentialAction\":[{\"@type\":\"ReadAction\",\"target\":[\"https:\\\/\\\/nauticahotels.com\\\/de\\\/kontakt\\\/\"]}]},{\"@type\":\"BreadcrumbList\",\"@id\":\"https:\\\/\\\/nauticahotels.com\\\/de\\\/kontakt\\\/#breadcrumb\",\"itemListElement\":[{\"@type\":\"ListItem\",\"position\":1,\"name\":\"Startseite\",\"item\":\"https:\\\/\\\/nauticahotels.com\\\/de\\\/\"},{\"@type\":\"ListItem\",\"position\":2,\"name\":\"Kontakt\"}]},{\"@type\":\"WebSite\",\"@id\":\"https:\\\/\\\/nauticahotels.com\\\/de\\\/#website\",\"url\":\"https:\\\/\\\/nauticahotels.com\\\/de\\\/\",\"name\":\"Hotel Nautica - Wellness & SPA, Free Parking, Pet Friendly\",\"description\":\"Buchen Sie auf der offiziellen Website - Buchen Sie direkt auf der offiziellen Website, um garantiert den besten Preis zu erhalten. Sofortige Best\u00e4tigung. Buchen Sie direkt, um die besten Angebote, flexible Stornierungsm\u00f6glichkeiten und andere Vorteile zu erhalten.\",\"publisher\":{\"@id\":\"https:\\\/\\\/nauticahotels.com\\\/de\\\/#organization\"},\"alternateName\":\"Hote Nautica, Novigrad - Cittanova, Istria, Croazia\",\"potentialAction\":[{\"@type\":\"SearchAction\",\"target\":{\"@type\":\"EntryPoint\",\"urlTemplate\":\"https:\\\/\\\/nauticahotels.com\\\/de\\\/?s={search_term_string}\"},\"query-input\":{\"@type\":\"PropertyValueSpecification\",\"valueRequired\":true,\"valueName\":\"search_term_string\"}}],\"inLanguage\":\"de\"},{\"@type\":\"Organization\",\"@id\":\"https:\\\/\\\/nauticahotels.com\\\/de\\\/#organization\",\"name\":\"Hotel Nautica - Wellness &amp; SPA, Kostenloses Parken, Haustierfreundlich\",\"alternateName\":\"Hote Nautica, Novigrad - Cittanova, Istria, Croazia\",\"url\":\"https:\\\/\\\/nauticahotels.com\\\/de\\\/\",\"logo\":{\"@type\":\"ImageObject\",\"inLanguage\":\"de\",\"@id\":\"https:\\\/\\\/nauticahotels.com\\\/de\\\/#\\\/schema\\\/logo\\\/image\\\/\",\"url\":\"https:\\\/\\\/nauticahotels.com\\\/wp-content\\\/uploads\\\/2024\\\/05\\\/cropped-hotelNautica_icon512.png\",\"contentUrl\":\"https:\\\/\\\/nauticahotels.com\\\/wp-content\\\/uploads\\\/2024\\\/05\\\/cropped-hotelNautica_icon512.png\",\"width\":512,\"height\":512,\"caption\":\"Hotel Nautica - Wellness &amp; SPA, Kostenloses Parken, Haustierfreundlich\"},\"image\":{\"@id\":\"https:\\\/\\\/nauticahotels.com\\\/de\\\/#\\\/schema\\\/logo\\\/image\\\/\"},\"sameAs\":[\"https:\\\/\\\/www.facebook.com\\\/hotelnautica\\\/\",\"https:\\\/\\\/www.instagram.com\\\/marinahotelnautica\\\/\"]}]}<\/script>\n<!-- \/ Yoast SEO plugin. -->","yoast_head_json":{"title":"Kontakt - Hotel Nautica - Wellness &amp; SPA, Kostenloses Parken, Haustierfreundlich","robots":{"index":"index","follow":"follow","max-snippet":"max-snippet:-1","max-image-preview":"max-image-preview:large","max-video-preview":"max-video-preview:-1"},"canonical":"https:\/\/nauticahotels.com\/de\/kontakt\/","og_locale":"de_DE","og_type":"article","og_title":"Kontakt - Hotel Nautica - Wellness &amp; SPA, Kostenloses Parken, Haustierfreundlich","og_description":"Mit uns verbinden Kontakt F\u00fcr Buchungen und Anfragen rufen Sie uns bitte an oder schreiben Sie uns. Kontaktinformationen Hotel Nautica Sv. Antona 1552466 NovigradIstrien Kroatien Telefon Nummer: +385 52 600 400E-Mail: info@nauticahotels.com Unterkunft Anfragen &amp; BuchungenTelefon: +385 52 600 400E: info@nauticahotels.com Verkaufsabteilung Anfragen &amp; BuchungenE-Mail: sold@nauticahotels.com Gruppen Anfragen &amp; BuchungenTelefon: +385 52 600 400E: info@nauticahotels.com ...","og_url":"https:\/\/nauticahotels.com\/de\/kontakt\/","og_site_name":"Hotel Nautica - Wellness &amp; SPA, Kostenloses Parken, Haustierfreundlich","article_publisher":"https:\/\/www.facebook.com\/hotelnautica\/","article_modified_time":"2026-02-25T13:58:21+00:00","og_image":[{"width":1920,"height":1080,"url":"https:\/\/nauticahotels.com\/wp-content\/uploads\/2024\/06\/deluxe-double-room-hotel-nautica-sea-view-marina21-novigrad-kroatien-2.jpg","type":"image\/jpeg"}],"twitter_card":"summary_large_image","twitter_misc":{"Gesch\u00e4tzte Lesezeit":"1\u00a0Minute"},"schema":{"@context":"https:\/\/schema.org","@graph":[{"@type":"WebPage","@id":"https:\/\/nauticahotels.com\/de\/kontakt\/","url":"https:\/\/nauticahotels.com\/de\/kontakt\/","name":"Kontakt - Hotel Nautica - Wellness &amp; SPA, Kostenloses Parken, Haustierfreundlich","isPartOf":{"@id":"https:\/\/nauticahotels.com\/de\/#website"},"datePublished":"2023-03-18T06:10:54+00:00","dateModified":"2026-02-25T13:58:21+00:00","breadcrumb":{"@id":"https:\/\/nauticahotels.com\/de\/kontakt\/#breadcrumb"},"inLanguage":"de","potentialAction":[{"@type":"ReadAction","target":["https:\/\/nauticahotels.com\/de\/kontakt\/"]}]},{"@type":"BreadcrumbList","@id":"https:\/\/nauticahotels.com\/de\/kontakt\/#breadcrumb","itemListElement":[{"@type":"ListItem","position":1,"name":"Startseite","item":"https:\/\/nauticahotels.com\/de\/"},{"@type":"ListItem","position":2,"name":"Kontakt"}]},{"@type":"WebSite","@id":"https:\/\/nauticahotels.com\/de\/#website","url":"https:\/\/nauticahotels.com\/de\/","name":"Hotel Nautica - Wellness & SPA, Free Parking, Pet Friendly","description":"Buchen Sie auf der offiziellen Website - Buchen Sie direkt auf der offiziellen Website, um garantiert den besten Preis zu erhalten. Sofortige Best\u00e4tigung. Buchen Sie direkt, um die besten Angebote, flexible Stornierungsm\u00f6glichkeiten und andere Vorteile zu erhalten.","publisher":{"@id":"https:\/\/nauticahotels.com\/de\/#organization"},"alternateName":"Hote Nautica, Novigrad - Cittanova, Istria, Croazia","potentialAction":[{"@type":"SearchAction","target":{"@type":"EntryPoint","urlTemplate":"https:\/\/nauticahotels.com\/de\/?s={search_term_string}"},"query-input":{"@type":"PropertyValueSpecification","valueRequired":true,"valueName":"search_term_string"}}],"inLanguage":"de"},{"@type":"Organization","@id":"https:\/\/nauticahotels.com\/de\/#organization","name":"Hotel Nautica - Wellness &amp; SPA, Kostenloses Parken, Haustierfreundlich","alternateName":"Hote Nautica, Novigrad - Cittanova, Istria, Croazia","url":"https:\/\/nauticahotels.com\/de\/","logo":{"@type":"ImageObject","inLanguage":"de","@id":"https:\/\/nauticahotels.com\/de\/#\/schema\/logo\/image\/","url":"https:\/\/nauticahotels.com\/wp-content\/uploads\/2024\/05\/cropped-hotelNautica_icon512.png","contentUrl":"https:\/\/nauticahotels.com\/wp-content\/uploads\/2024\/05\/cropped-hotelNautica_icon512.png","width":512,"height":512,"caption":"Hotel Nautica - Wellness &amp; SPA, Kostenloses Parken, Haustierfreundlich"},"image":{"@id":"https:\/\/nauticahotels.com\/de\/#\/schema\/logo\/image\/"},"sameAs":["https:\/\/www.facebook.com\/hotelnautica\/","https:\/\/www.instagram.com\/marinahotelnautica\/"]}]}},"_links":{"self":[{"href":"https:\/\/nauticahotels.com\/de\/wp-json\/wp\/v2\/pages\/4258","targetHints":{"allow":["GET"]}}],"collection":[{"href":"https:\/\/nauticahotels.com\/de\/wp-json\/wp\/v2\/pages"}],"about":[{"href":"https:\/\/nauticahotels.com\/de\/wp-json\/wp\/v2\/types\/page"}],"author":[{"embeddable":true,"href":"https:\/\/nauticahotels.com\/de\/wp-json\/wp\/v2\/users\/1"}],"replies":[{"embeddable":true,"href":"https:\/\/nauticahotels.com\/de\/wp-json\/wp\/v2\/comments?post=4258"}],"version-history":[{"count":9,"href":"https:\/\/nauticahotels.com\/de\/wp-json\/wp\/v2\/pages\/4258\/revisions"}],"predecessor-version":[{"id":8230,"href":"https:\/\/nauticahotels.com\/de\/wp-json\/wp\/v2\/pages\/4258\/revisions\/8230"}],"wp:attachment":[{"href":"https:\/\/nauticahotels.com\/de\/wp-json\/wp\/v2\/media?parent=4258"}],"curies":[{"name":"wp","href":"https:\/\/api.w.org\/{rel}","templated":true}]}}