{"id":4106,"date":"2024-05-31T09:41:09","date_gmt":"2024-05-31T09:41:09","guid":{"rendered":"https:\/\/nauticahotels.com\/impressum\/"},"modified":"2024-07-12T15:53:45","modified_gmt":"2024-07-12T15:53:45","slug":"impressum","status":"publish","type":"page","link":"https:\/\/nauticahotels.com\/hr\/impressum\/","title":{"rendered":"Impressum"},"content":{"rendered":"\t\t<div data-elementor-type=\"wp-page\" data-elementor-id=\"4106\" class=\"elementor elementor-4106 elementor-2402\">\n\t\t\t\t<div class=\"elementor-element elementor-element-6d13dd3b e-flex e-con-boxed e-con e-parent\" data-id=\"6d13dd3b\" data-element_type=\"container\" data-e-type=\"container\">\n\t\t\t\t\t<div class=\"e-con-inner\">\n\t\t\t\t<div class=\"elementor-element elementor-element-2d3d7915 elementor-widget elementor-widget-text-editor\" data-id=\"2d3d7915\" data-element_type=\"widget\" data-e-type=\"widget\" data-widget_type=\"text-editor.default\">\n\t\t\t\t<div class=\"elementor-widget-container\">\n\t\t\t\t\t\t\t\t\t\n<p><strong>Naziv tvrtke:<\/strong> Sigma poslovanje doo<br><strong>Sjedi\u0161te:<\/strong> Sv. Antona 15, 52466 Novigrad<br><em>Upisano u registar Trgova\u010dkog suda u Pazinu<\/em><br><strong>OIB:<\/strong> 21462841905<br><strong>MBS:<\/strong> 080727991  <br><strong>Ovla\u0161tene osobe:<\/strong> Radim Haluza, Paulina Ili\u0107, Nenad Juri\u0107<\/p>\n<p><strong>Ra\u010dun u Erste&amp;Steierm\u00e4rkische Bank<\/strong><br><strong>IBAN:<\/strong> HR7124020061100614391<br><strong>SWIFT\/BIC<\/strong> : ESBCHR22<br><strong>Iznos temeljnog kapitala:<\/strong> 2.654,46 eur<br><br><\/p>\n\t\t\t\t\t\t\t\t<\/div>\n\t\t\t\t<\/div>\n\t\t\t\t\t<\/div>\n\t\t\t\t<\/div>\n\t\t\t\t<\/div>\n\t\t","protected":false},"excerpt":{"rendered":"<p>Naziv tvrtke: Sigma poslovanje dooSjedi\u0161te: Sv. Antona 15, 52466 NovigradUpisano u registar Trgova\u010dkog suda u PazinuOIB: 21462841905MBS: 080727991 Ovla\u0161tene osobe: Radim Haluza, Paulina Ili\u0107, Nenad Juri\u0107 Ra\u010dun u Erste&amp;Steierm\u00e4rkische BankIBAN: HR7124020061100614391SWIFT\/BIC : ESBCHR22Iznos temeljnog kapitala: 2.654,46 eur<\/p>\n","protected":false},"author":1,"featured_media":0,"parent":0,"menu_order":0,"comment_status":"closed","ping_status":"closed","template":"template-fullwidth.php","meta":{"cozystay_single_page_hide_site_header":"","cozystay_single_page_site_header_source":"","cozystay_single_page_custom_site_header":"0","cozystay_single_page_custom_sticky_site_header":"0","cozystay_single_page_hide_page_title":"","cozystay_single_page_header_section_size":"","cozystay_single_page_header_background_color":"","cozystay_single_page_header_background_position_x":"center","cozystay_single_page_header_background_position_y":"center","cozystay_single_page_header_background_size":"cover","cozystay_single_page_header_background_repeat":"off","cozystay_single_page_header_background_scroll":"on","cozystay_single_page_header_text_color":"","cozystay_single_page_header_show_breadcrumb":"","cozystay_single_page_site_footer_hide_main":"","cozystay_single_custom_site_footer_main_source":"","cozystay_single_custom_site_footer_main":"0","cozystay_single_page_site_footer_hide_above":"","cozystay_single_custom_site_footer_above_source":"","cozystay_single_custom_site_footer_above":"0","cozystay_single_page_site_footer_hide_instagram":"","cozystay_single_page_site_footer_hide_bottom":"","cozystay_single_custom_mobile_menu_source":"","cozystay_single_custom_mobile_menu":"0","cozystay_single_custom_mobile_menu_animation":"","cozystay_single_custom_mobile_menu_width":"","cozystay_single_custom_mobile_menu_custom_width":375,"footnotes":""},"class_list":["post-4106","page","type-page","status-publish","hentry"],"yoast_head":"<!-- This site is optimized with the Yoast SEO plugin v27.3 - https:\/\/yoast.com\/product\/yoast-seo-wordpress\/ -->\n<title>Impressum - Hotel Nautica - Wellness &amp; SPA, besplatan parking, dozvoljeni ku\u0107ni ljubimci<\/title>\n<meta name=\"robots\" content=\"index, follow, max-snippet:-1, max-image-preview:large, max-video-preview:-1\" \/>\n<link rel=\"canonical\" href=\"https:\/\/nauticahotels.com\/hr\/impressum\/\" \/>\n<meta property=\"og:locale\" content=\"hr_HR\" \/>\n<meta property=\"og:type\" content=\"article\" \/>\n<meta property=\"og:title\" content=\"Impressum - Hotel Nautica - Wellness &amp; SPA, besplatan parking, dozvoljeni ku\u0107ni ljubimci\" \/>\n<meta property=\"og:description\" content=\"Naziv tvrtke: Sigma poslovanje dooSjedi\u0161te: Sv. Antona 15, 52466 NovigradUpisano u registar Trgova\u010dkog suda u PazinuOIB: 21462841905MBS: 080727991 Ovla\u0161tene osobe: Radim Haluza, Paulina Ili\u0107, Nenad Juri\u0107 Ra\u010dun u Erste&amp;Steierm\u00e4rkische BankIBAN: HR7124020061100614391SWIFT\/BIC : ESBCHR22Iznos temeljnog kapitala: 2.654,46 eur\" \/>\n<meta property=\"og:url\" content=\"https:\/\/nauticahotels.com\/hr\/impressum\/\" \/>\n<meta property=\"og:site_name\" content=\"Hotel Nautica - Wellness &amp; SPA, besplatan parking, dozvoljeni ku\u0107ni ljubimci\" \/>\n<meta property=\"article:publisher\" content=\"https:\/\/www.facebook.com\/hotelnautica\/\" \/>\n<meta property=\"article:modified_time\" content=\"2024-07-12T15:53:45+00:00\" \/>\n<meta property=\"og:image\" content=\"https:\/\/nauticahotels.com\/wp-content\/uploads\/2024\/06\/deluxe-double-room-hotel-nautica-sea-view-marina21-novigrad-kroatien-2.jpg\" \/>\n\t<meta property=\"og:image:width\" content=\"1920\" \/>\n\t<meta property=\"og:image:height\" content=\"1080\" \/>\n\t<meta property=\"og:image:type\" content=\"image\/jpeg\" \/>\n<meta name=\"twitter:card\" content=\"summary_large_image\" \/>\n<script type=\"application\/ld+json\" class=\"yoast-schema-graph\">{\"@context\":\"https:\\\/\\\/schema.org\",\"@graph\":[{\"@type\":\"WebPage\",\"@id\":\"https:\\\/\\\/nauticahotels.com\\\/hr\\\/impressum\\\/\",\"url\":\"https:\\\/\\\/nauticahotels.com\\\/hr\\\/impressum\\\/\",\"name\":\"Impressum - Hotel Nautica - Wellness &amp; SPA, besplatan parking, dozvoljeni ku\u0107ni ljubimci\",\"isPartOf\":{\"@id\":\"https:\\\/\\\/nauticahotels.com\\\/hr\\\/#website\"},\"datePublished\":\"2024-05-31T09:41:09+00:00\",\"dateModified\":\"2024-07-12T15:53:45+00:00\",\"breadcrumb\":{\"@id\":\"https:\\\/\\\/nauticahotels.com\\\/hr\\\/impressum\\\/#breadcrumb\"},\"inLanguage\":\"hr\",\"potentialAction\":[{\"@type\":\"ReadAction\",\"target\":[\"https:\\\/\\\/nauticahotels.com\\\/hr\\\/impressum\\\/\"]}]},{\"@type\":\"BreadcrumbList\",\"@id\":\"https:\\\/\\\/nauticahotels.com\\\/hr\\\/impressum\\\/#breadcrumb\",\"itemListElement\":[{\"@type\":\"ListItem\",\"position\":1,\"name\":\"Dom\",\"item\":\"https:\\\/\\\/nauticahotels.com\\\/hr\\\/\"},{\"@type\":\"ListItem\",\"position\":2,\"name\":\"Impressum\"}]},{\"@type\":\"WebSite\",\"@id\":\"https:\\\/\\\/nauticahotels.com\\\/hr\\\/#website\",\"url\":\"https:\\\/\\\/nauticahotels.com\\\/hr\\\/\",\"name\":\"Hotel Nautica - Wellness & SPA, Free Parking, Pet Friendly\",\"description\":\"Rezervirajte na slu\u017ebenoj web stranici \u2014 Rezervirajte izravno na slu\u017ebenoj stranici kako biste dobili zajam\u010denu najbolju cijenu. Instant potvrda. Rezervirajte izravno kako biste dobili najbolje ponude, fleksibilne mogu\u0107nosti otkazivanja i druge pogodnosti.\",\"publisher\":{\"@id\":\"https:\\\/\\\/nauticahotels.com\\\/hr\\\/#organization\"},\"alternateName\":\"Hote Nautica, Novigrad - Cittanova, Istria, Croazia\",\"potentialAction\":[{\"@type\":\"SearchAction\",\"target\":{\"@type\":\"EntryPoint\",\"urlTemplate\":\"https:\\\/\\\/nauticahotels.com\\\/hr\\\/?s={search_term_string}\"},\"query-input\":{\"@type\":\"PropertyValueSpecification\",\"valueRequired\":true,\"valueName\":\"search_term_string\"}}],\"inLanguage\":\"hr\"},{\"@type\":\"Organization\",\"@id\":\"https:\\\/\\\/nauticahotels.com\\\/hr\\\/#organization\",\"name\":\"Hotel Nautica - Wellness &amp; SPA, besplatan parking, dozvoljeni ku\u0107ni ljubimci\",\"alternateName\":\"Hote Nautica, Novigrad - Cittanova, Istria, Croazia\",\"url\":\"https:\\\/\\\/nauticahotels.com\\\/hr\\\/\",\"logo\":{\"@type\":\"ImageObject\",\"inLanguage\":\"hr\",\"@id\":\"https:\\\/\\\/nauticahotels.com\\\/hr\\\/#\\\/schema\\\/logo\\\/image\\\/\",\"url\":\"https:\\\/\\\/nauticahotels.com\\\/wp-content\\\/uploads\\\/2024\\\/05\\\/cropped-hotelNautica_icon512.png\",\"contentUrl\":\"https:\\\/\\\/nauticahotels.com\\\/wp-content\\\/uploads\\\/2024\\\/05\\\/cropped-hotelNautica_icon512.png\",\"width\":512,\"height\":512,\"caption\":\"Hotel Nautica - Wellness &amp; SPA, besplatan parking, dozvoljeni ku\u0107ni ljubimci\"},\"image\":{\"@id\":\"https:\\\/\\\/nauticahotels.com\\\/hr\\\/#\\\/schema\\\/logo\\\/image\\\/\"},\"sameAs\":[\"https:\\\/\\\/www.facebook.com\\\/hotelnautica\\\/\",\"https:\\\/\\\/www.instagram.com\\\/marinahotelnautica\\\/\"]}]}<\/script>\n<!-- \/ Yoast SEO plugin. -->","yoast_head_json":{"title":"Impressum - Hotel Nautica - Wellness &amp; SPA, besplatan parking, dozvoljeni ku\u0107ni ljubimci","robots":{"index":"index","follow":"follow","max-snippet":"max-snippet:-1","max-image-preview":"max-image-preview:large","max-video-preview":"max-video-preview:-1"},"canonical":"https:\/\/nauticahotels.com\/hr\/impressum\/","og_locale":"hr_HR","og_type":"article","og_title":"Impressum - Hotel Nautica - Wellness &amp; SPA, besplatan parking, dozvoljeni ku\u0107ni ljubimci","og_description":"Naziv tvrtke: Sigma poslovanje dooSjedi\u0161te: Sv. Antona 15, 52466 NovigradUpisano u registar Trgova\u010dkog suda u PazinuOIB: 21462841905MBS: 080727991 Ovla\u0161tene osobe: Radim Haluza, Paulina Ili\u0107, Nenad Juri\u0107 Ra\u010dun u Erste&amp;Steierm\u00e4rkische BankIBAN: HR7124020061100614391SWIFT\/BIC : ESBCHR22Iznos temeljnog kapitala: 2.654,46 eur","og_url":"https:\/\/nauticahotels.com\/hr\/impressum\/","og_site_name":"Hotel Nautica - Wellness &amp; SPA, besplatan parking, dozvoljeni ku\u0107ni ljubimci","article_publisher":"https:\/\/www.facebook.com\/hotelnautica\/","article_modified_time":"2024-07-12T15:53:45+00:00","og_image":[{"width":1920,"height":1080,"url":"https:\/\/nauticahotels.com\/wp-content\/uploads\/2024\/06\/deluxe-double-room-hotel-nautica-sea-view-marina21-novigrad-kroatien-2.jpg","type":"image\/jpeg"}],"twitter_card":"summary_large_image","schema":{"@context":"https:\/\/schema.org","@graph":[{"@type":"WebPage","@id":"https:\/\/nauticahotels.com\/hr\/impressum\/","url":"https:\/\/nauticahotels.com\/hr\/impressum\/","name":"Impressum - Hotel Nautica - Wellness &amp; SPA, besplatan parking, dozvoljeni ku\u0107ni ljubimci","isPartOf":{"@id":"https:\/\/nauticahotels.com\/hr\/#website"},"datePublished":"2024-05-31T09:41:09+00:00","dateModified":"2024-07-12T15:53:45+00:00","breadcrumb":{"@id":"https:\/\/nauticahotels.com\/hr\/impressum\/#breadcrumb"},"inLanguage":"hr","potentialAction":[{"@type":"ReadAction","target":["https:\/\/nauticahotels.com\/hr\/impressum\/"]}]},{"@type":"BreadcrumbList","@id":"https:\/\/nauticahotels.com\/hr\/impressum\/#breadcrumb","itemListElement":[{"@type":"ListItem","position":1,"name":"Dom","item":"https:\/\/nauticahotels.com\/hr\/"},{"@type":"ListItem","position":2,"name":"Impressum"}]},{"@type":"WebSite","@id":"https:\/\/nauticahotels.com\/hr\/#website","url":"https:\/\/nauticahotels.com\/hr\/","name":"Hotel Nautica - Wellness & SPA, Free Parking, Pet Friendly","description":"Rezervirajte na slu\u017ebenoj web stranici \u2014 Rezervirajte izravno na slu\u017ebenoj stranici kako biste dobili zajam\u010denu najbolju cijenu. Instant potvrda. Rezervirajte izravno kako biste dobili najbolje ponude, fleksibilne mogu\u0107nosti otkazivanja i druge pogodnosti.","publisher":{"@id":"https:\/\/nauticahotels.com\/hr\/#organization"},"alternateName":"Hote Nautica, Novigrad - Cittanova, Istria, Croazia","potentialAction":[{"@type":"SearchAction","target":{"@type":"EntryPoint","urlTemplate":"https:\/\/nauticahotels.com\/hr\/?s={search_term_string}"},"query-input":{"@type":"PropertyValueSpecification","valueRequired":true,"valueName":"search_term_string"}}],"inLanguage":"hr"},{"@type":"Organization","@id":"https:\/\/nauticahotels.com\/hr\/#organization","name":"Hotel Nautica - Wellness &amp; SPA, besplatan parking, dozvoljeni ku\u0107ni ljubimci","alternateName":"Hote Nautica, Novigrad - Cittanova, Istria, Croazia","url":"https:\/\/nauticahotels.com\/hr\/","logo":{"@type":"ImageObject","inLanguage":"hr","@id":"https:\/\/nauticahotels.com\/hr\/#\/schema\/logo\/image\/","url":"https:\/\/nauticahotels.com\/wp-content\/uploads\/2024\/05\/cropped-hotelNautica_icon512.png","contentUrl":"https:\/\/nauticahotels.com\/wp-content\/uploads\/2024\/05\/cropped-hotelNautica_icon512.png","width":512,"height":512,"caption":"Hotel Nautica - Wellness &amp; SPA, besplatan parking, dozvoljeni ku\u0107ni ljubimci"},"image":{"@id":"https:\/\/nauticahotels.com\/hr\/#\/schema\/logo\/image\/"},"sameAs":["https:\/\/www.facebook.com\/hotelnautica\/","https:\/\/www.instagram.com\/marinahotelnautica\/"]}]}},"_links":{"self":[{"href":"https:\/\/nauticahotels.com\/hr\/wp-json\/wp\/v2\/pages\/4106","targetHints":{"allow":["GET"]}}],"collection":[{"href":"https:\/\/nauticahotels.com\/hr\/wp-json\/wp\/v2\/pages"}],"about":[{"href":"https:\/\/nauticahotels.com\/hr\/wp-json\/wp\/v2\/types\/page"}],"author":[{"embeddable":true,"href":"https:\/\/nauticahotels.com\/hr\/wp-json\/wp\/v2\/users\/1"}],"replies":[{"embeddable":true,"href":"https:\/\/nauticahotels.com\/hr\/wp-json\/wp\/v2\/comments?post=4106"}],"version-history":[{"count":7,"href":"https:\/\/nauticahotels.com\/hr\/wp-json\/wp\/v2\/pages\/4106\/revisions"}],"predecessor-version":[{"id":4383,"href":"https:\/\/nauticahotels.com\/hr\/wp-json\/wp\/v2\/pages\/4106\/revisions\/4383"}],"wp:attachment":[{"href":"https:\/\/nauticahotels.com\/hr\/wp-json\/wp\/v2\/media?parent=4106"}],"curies":[{"name":"wp","href":"https:\/\/api.w.org\/{rel}","templated":true}]}}