{"id":5044,"date":"2024-05-29T08:11:50","date_gmt":"2024-05-29T06:11:50","guid":{"rendered":"https:\/\/nauticahotels.com\/dobrodosli-u-hotel-nautica\/"},"modified":"2026-03-24T14:29:11","modified_gmt":"2026-03-24T13:29:11","slug":"dobrodosli-u-hotel-nautica","status":"publish","type":"page","link":"https:\/\/nauticahotels.com\/hr\/dobrodosli-u-hotel-nautica\/","title":{"rendered":"Newsletter"},"content":{"rendered":"\t\t<div data-elementor-type=\"wp-page\" data-elementor-id=\"5044\" class=\"elementor elementor-5044 elementor-2\">\n\t\t\t\t<div class=\"elementor-element elementor-element-ad0da4f e-flex e-con-boxed e-con e-parent\" data-id=\"ad0da4f\" data-element_type=\"container\" data-e-type=\"container\">\n\t\t\t\t\t<div class=\"e-con-inner\">\n\t\t\t\t<div class=\"elementor-element elementor-element-580c087 elementor-widget elementor-widget-cs_title\" data-id=\"580c087\" data-element_type=\"widget\" data-e-type=\"widget\" data-widget_type=\"cs_title.default\">\n\t\t\t\t<div class=\"elementor-widget-container\">\n\t\t\t\t\t\n        <div class=\"cs-title-wrap text-center\">\t            <div class=\"cs-subtitle-wrap\"><span class=\"cs-subtitle\">Pridru\u017eite se na\u0161em biltenu<\/span><\/div>\t            <h4 class=\"cs-title\">\n\t                Za\u0161to se pretplatiti?\t            <\/h4>\t            <div class=\"cs-title-text\">\n\t                <p data-start=\"346\" data-end=\"429\">Iskoristite rani pristup posebnim ponudama i novostima hotela Nautica. Osim toga, u\u017eivajte u najboljim cijenama prilikom izravne rezervacije. <\/p><p data-start=\"489\" data-end=\"639\">\u2728 Iskoristite rani pristup vremenski ograni\u010denim ponudama<br data-start=\"531\" data-end=\"534\"> \u2728 Dobijte najbolje cijene prilikom izravne rezervacije<br data-start=\"576\" data-end=\"579\"> \u2728 Primite odabranu inspiraciju za svoj sljede\u0107i boravak u Istri<\/p><p data-start=\"641\" data-end=\"792\"><strong data-start=\"641\" data-end=\"658\">Poklon dobrodo\u0161lice:<\/strong><br data-start=\"658\" data-end=\"661\"> Iskoristite <strong data-start=\"667\" data-end=\"698\">15% popusta na wellness tretmane<\/strong><br data-start=\"698\" data-end=\"701\"> Prilikom online rezervacije koristite kod <strong data-start=\"710\" data-end=\"725\">2026@SENSES<\/strong> :<br data-start=\"746\" data-end=\"749\"> <a class=\"decorated-link\" href=\"https:\/\/nauticahotels.com\/hr\/spa-wellness-rezervacije\/\" target=\"_new\" rel=\"noopener\" data-start=\"749\" data-end=\"792\">https:\/\/nauticahotels.com\/wellness-booking\/<\/a><\/p><p data-start=\"794\" data-end=\"831\">Opustite se vi\u0161e. Pla\u0107ajte manje. Ostanite povezani.  <\/p><p data-start=\"794\" data-end=\"831\">\ud83d\udc47 <strong data-start=\"627\" data-end=\"687\">Pomaknite se prema dolje i jednostavno unesite svoju adresu e-po\u0161te da biste se pridru\u017eili.<\/strong><\/p>\t            <\/div>        <\/div>\t\t\t\t<\/div>\n\t\t\t\t<\/div>\n\t\t\t\t\t<\/div>\n\t\t\t\t<\/div>\n\t\t<div class=\"elementor-element elementor-element-8a556d6 e-flex e-con-boxed e-con e-parent\" data-id=\"8a556d6\" data-element_type=\"container\" data-e-type=\"container\">\n\t\t\t\t\t<div class=\"e-con-inner\">\n\t\t\t\t\t<\/div>\n\t\t\t\t<\/div>\n\t\t\t\t<\/div>\n\t\t","protected":false},"excerpt":{"rendered":"<p>Pridru\u017eite se na\u0161em biltenu Za\u0161to se pretplatiti? Iskoristite rani pristup posebnim ponudama i novostima hotela Nautica. Osim toga, u\u017eivajte u najboljim cijenama prilikom izravne rezervacije. \u2728 Iskoristite rani pristup vremenski ograni\u010denim ponudama \u2728 Dobijte najbolje cijene prilikom izravne rezervacije \u2728 Primite odabranu inspiraciju za svoj sljede\u0107i boravak u Istri Poklon dobrodo\u0161lice: Iskoristite 15% popusta na &#8230;<\/p>\n","protected":false},"author":1,"featured_media":0,"parent":0,"menu_order":0,"comment_status":"closed","ping_status":"closed","template":"template-fullwidth.php","meta":{"cozystay_single_page_hide_site_header":"","cozystay_single_page_site_header_source":"","cozystay_single_page_custom_site_header":"","cozystay_single_page_custom_sticky_site_header":"","cozystay_single_page_hide_page_title":"","cozystay_single_page_header_section_size":"","cozystay_single_page_header_background_color":"","cozystay_single_page_header_background_position_x":"center","cozystay_single_page_header_background_position_y":"center","cozystay_single_page_header_background_size":"cover","cozystay_single_page_header_background_repeat":"off","cozystay_single_page_header_background_scroll":"on","cozystay_single_page_header_text_color":"","cozystay_single_page_header_show_breadcrumb":"","cozystay_single_page_site_footer_hide_main":"","cozystay_single_custom_site_footer_main_source":"","cozystay_single_custom_site_footer_main":"","cozystay_single_page_site_footer_hide_above":"","cozystay_single_custom_site_footer_above_source":"","cozystay_single_custom_site_footer_above":"","cozystay_single_page_site_footer_hide_instagram":"","cozystay_single_page_site_footer_hide_bottom":"","cozystay_single_custom_mobile_menu_source":"","cozystay_single_custom_mobile_menu":"","cozystay_single_custom_mobile_menu_animation":"","cozystay_single_custom_mobile_menu_width":"","cozystay_single_custom_mobile_menu_custom_width":375,"footnotes":""},"class_list":["post-5044","page","type-page","status-publish","hentry"],"yoast_head":"<!-- This site is optimized with the Yoast SEO plugin v27.4 - https:\/\/yoast.com\/product\/yoast-seo-wordpress\/ -->\n<title>Newsletter - Hotel Nautica - Wellness &amp; SPA, besplatan parking, dozvoljeni ku\u0107ni ljubimci<\/title>\n<meta name=\"robots\" content=\"index, follow, max-snippet:-1, max-image-preview:large, max-video-preview:-1\" \/>\n<link rel=\"canonical\" href=\"https:\/\/nauticahotels.com\/hr\/dobrodosli-u-hotel-nautica\/\" \/>\n<meta property=\"og:locale\" content=\"hr_HR\" \/>\n<meta property=\"og:type\" content=\"article\" \/>\n<meta property=\"og:title\" content=\"Newsletter - Hotel Nautica - Wellness &amp; SPA, besplatan parking, dozvoljeni ku\u0107ni ljubimci\" \/>\n<meta property=\"og:description\" content=\"Pridru\u017eite se na\u0161em biltenu Za\u0161to se pretplatiti? Iskoristite rani pristup posebnim ponudama i novostima hotela Nautica. Osim toga, u\u017eivajte u najboljim cijenama prilikom izravne rezervacije. \u2728 Iskoristite rani pristup vremenski ograni\u010denim ponudama \u2728 Dobijte najbolje cijene prilikom izravne rezervacije \u2728 Primite odabranu inspiraciju za svoj sljede\u0107i boravak u Istri Poklon dobrodo\u0161lice: Iskoristite 15% popusta na ...\" \/>\n<meta property=\"og:url\" content=\"https:\/\/nauticahotels.com\/hr\/dobrodosli-u-hotel-nautica\/\" \/>\n<meta property=\"og:site_name\" content=\"Hotel Nautica - Wellness &amp; SPA, besplatan parking, dozvoljeni ku\u0107ni ljubimci\" \/>\n<meta property=\"article:publisher\" content=\"https:\/\/www.facebook.com\/hotelnautica\/\" \/>\n<meta property=\"article:modified_time\" content=\"2026-03-24T13:29:11+00:00\" \/>\n<meta property=\"og:image\" content=\"https:\/\/nauticahotels.com\/wp-content\/uploads\/2024\/06\/deluxe-double-room-hotel-nautica-sea-view-marina21-novigrad-kroatien-2.jpg\" \/>\n\t<meta property=\"og:image:width\" content=\"1920\" \/>\n\t<meta property=\"og:image:height\" content=\"1080\" \/>\n\t<meta property=\"og:image:type\" content=\"image\/jpeg\" \/>\n<meta name=\"twitter:card\" content=\"summary_large_image\" \/>\n<script type=\"application\/ld+json\" class=\"yoast-schema-graph\">{\"@context\":\"https:\\\/\\\/schema.org\",\"@graph\":[{\"@type\":\"WebPage\",\"@id\":\"https:\\\/\\\/nauticahotels.com\\\/hr\\\/dobrodosli-u-hotel-nautica\\\/\",\"url\":\"https:\\\/\\\/nauticahotels.com\\\/hr\\\/dobrodosli-u-hotel-nautica\\\/\",\"name\":\"Newsletter - Hotel Nautica - Wellness &amp; SPA, besplatan parking, dozvoljeni ku\u0107ni ljubimci\",\"isPartOf\":{\"@id\":\"https:\\\/\\\/nauticahotels.com\\\/hr\\\/#website\"},\"datePublished\":\"2024-05-29T06:11:50+00:00\",\"dateModified\":\"2026-03-24T13:29:11+00:00\",\"breadcrumb\":{\"@id\":\"https:\\\/\\\/nauticahotels.com\\\/hr\\\/dobrodosli-u-hotel-nautica\\\/#breadcrumb\"},\"inLanguage\":\"hr\",\"potentialAction\":[{\"@type\":\"ReadAction\",\"target\":[\"https:\\\/\\\/nauticahotels.com\\\/hr\\\/dobrodosli-u-hotel-nautica\\\/\"]}]},{\"@type\":\"BreadcrumbList\",\"@id\":\"https:\\\/\\\/nauticahotels.com\\\/hr\\\/dobrodosli-u-hotel-nautica\\\/#breadcrumb\",\"itemListElement\":[{\"@type\":\"ListItem\",\"position\":1,\"name\":\"Dom\",\"item\":\"https:\\\/\\\/nauticahotels.com\\\/hr\\\/\"},{\"@type\":\"ListItem\",\"position\":2,\"name\":\"Newsletter\"}]},{\"@type\":\"WebSite\",\"@id\":\"https:\\\/\\\/nauticahotels.com\\\/hr\\\/#website\",\"url\":\"https:\\\/\\\/nauticahotels.com\\\/hr\\\/\",\"name\":\"Hotel Nautica - Wellness & SPA, Free Parking, Pet Friendly\",\"description\":\"Rezervirajte na slu\u017ebenoj web stranici \u2014 Rezervirajte izravno na slu\u017ebenoj stranici kako biste dobili zajam\u010denu najbolju cijenu. Instant potvrda. Rezervirajte izravno kako biste dobili najbolje ponude, fleksibilne mogu\u0107nosti otkazivanja i druge pogodnosti.\",\"publisher\":{\"@id\":\"https:\\\/\\\/nauticahotels.com\\\/hr\\\/#organization\"},\"alternateName\":\"Hote Nautica, Novigrad - Cittanova, Istria, Croazia\",\"potentialAction\":[{\"@type\":\"SearchAction\",\"target\":{\"@type\":\"EntryPoint\",\"urlTemplate\":\"https:\\\/\\\/nauticahotels.com\\\/hr\\\/?s={search_term_string}\"},\"query-input\":{\"@type\":\"PropertyValueSpecification\",\"valueRequired\":true,\"valueName\":\"search_term_string\"}}],\"inLanguage\":\"hr\"},{\"@type\":\"Organization\",\"@id\":\"https:\\\/\\\/nauticahotels.com\\\/hr\\\/#organization\",\"name\":\"Hotel Nautica - Wellness &amp; SPA, besplatan parking, dozvoljeni ku\u0107ni ljubimci\",\"alternateName\":\"Hote Nautica, Novigrad - Cittanova, Istria, Croazia\",\"url\":\"https:\\\/\\\/nauticahotels.com\\\/hr\\\/\",\"logo\":{\"@type\":\"ImageObject\",\"inLanguage\":\"hr\",\"@id\":\"https:\\\/\\\/nauticahotels.com\\\/hr\\\/#\\\/schema\\\/logo\\\/image\\\/\",\"url\":\"https:\\\/\\\/nauticahotels.com\\\/wp-content\\\/uploads\\\/2024\\\/05\\\/cropped-hotelNautica_icon512.png\",\"contentUrl\":\"https:\\\/\\\/nauticahotels.com\\\/wp-content\\\/uploads\\\/2024\\\/05\\\/cropped-hotelNautica_icon512.png\",\"width\":512,\"height\":512,\"caption\":\"Hotel Nautica - Wellness &amp; SPA, besplatan parking, dozvoljeni ku\u0107ni ljubimci\"},\"image\":{\"@id\":\"https:\\\/\\\/nauticahotels.com\\\/hr\\\/#\\\/schema\\\/logo\\\/image\\\/\"},\"sameAs\":[\"https:\\\/\\\/www.facebook.com\\\/hotelnautica\\\/\",\"https:\\\/\\\/www.instagram.com\\\/marinahotelnautica\\\/\"]}]}<\/script>\n<!-- \/ Yoast SEO plugin. -->","yoast_head_json":{"title":"Newsletter - Hotel Nautica - Wellness &amp; SPA, besplatan parking, dozvoljeni ku\u0107ni ljubimci","robots":{"index":"index","follow":"follow","max-snippet":"max-snippet:-1","max-image-preview":"max-image-preview:large","max-video-preview":"max-video-preview:-1"},"canonical":"https:\/\/nauticahotels.com\/hr\/dobrodosli-u-hotel-nautica\/","og_locale":"hr_HR","og_type":"article","og_title":"Newsletter - Hotel Nautica - Wellness &amp; SPA, besplatan parking, dozvoljeni ku\u0107ni ljubimci","og_description":"Pridru\u017eite se na\u0161em biltenu Za\u0161to se pretplatiti? Iskoristite rani pristup posebnim ponudama i novostima hotela Nautica. Osim toga, u\u017eivajte u najboljim cijenama prilikom izravne rezervacije. \u2728 Iskoristite rani pristup vremenski ograni\u010denim ponudama \u2728 Dobijte najbolje cijene prilikom izravne rezervacije \u2728 Primite odabranu inspiraciju za svoj sljede\u0107i boravak u Istri Poklon dobrodo\u0161lice: Iskoristite 15% popusta na ...","og_url":"https:\/\/nauticahotels.com\/hr\/dobrodosli-u-hotel-nautica\/","og_site_name":"Hotel Nautica - Wellness &amp; SPA, besplatan parking, dozvoljeni ku\u0107ni ljubimci","article_publisher":"https:\/\/www.facebook.com\/hotelnautica\/","article_modified_time":"2026-03-24T13:29:11+00:00","og_image":[{"width":1920,"height":1080,"url":"https:\/\/nauticahotels.com\/wp-content\/uploads\/2024\/06\/deluxe-double-room-hotel-nautica-sea-view-marina21-novigrad-kroatien-2.jpg","type":"image\/jpeg"}],"twitter_card":"summary_large_image","schema":{"@context":"https:\/\/schema.org","@graph":[{"@type":"WebPage","@id":"https:\/\/nauticahotels.com\/hr\/dobrodosli-u-hotel-nautica\/","url":"https:\/\/nauticahotels.com\/hr\/dobrodosli-u-hotel-nautica\/","name":"Newsletter - Hotel Nautica - Wellness &amp; SPA, besplatan parking, dozvoljeni ku\u0107ni ljubimci","isPartOf":{"@id":"https:\/\/nauticahotels.com\/hr\/#website"},"datePublished":"2024-05-29T06:11:50+00:00","dateModified":"2026-03-24T13:29:11+00:00","breadcrumb":{"@id":"https:\/\/nauticahotels.com\/hr\/dobrodosli-u-hotel-nautica\/#breadcrumb"},"inLanguage":"hr","potentialAction":[{"@type":"ReadAction","target":["https:\/\/nauticahotels.com\/hr\/dobrodosli-u-hotel-nautica\/"]}]},{"@type":"BreadcrumbList","@id":"https:\/\/nauticahotels.com\/hr\/dobrodosli-u-hotel-nautica\/#breadcrumb","itemListElement":[{"@type":"ListItem","position":1,"name":"Dom","item":"https:\/\/nauticahotels.com\/hr\/"},{"@type":"ListItem","position":2,"name":"Newsletter"}]},{"@type":"WebSite","@id":"https:\/\/nauticahotels.com\/hr\/#website","url":"https:\/\/nauticahotels.com\/hr\/","name":"Hotel Nautica - Wellness & SPA, Free Parking, Pet Friendly","description":"Rezervirajte na slu\u017ebenoj web stranici \u2014 Rezervirajte izravno na slu\u017ebenoj stranici kako biste dobili zajam\u010denu najbolju cijenu. Instant potvrda. Rezervirajte izravno kako biste dobili najbolje ponude, fleksibilne mogu\u0107nosti otkazivanja i druge pogodnosti.","publisher":{"@id":"https:\/\/nauticahotels.com\/hr\/#organization"},"alternateName":"Hote Nautica, Novigrad - Cittanova, Istria, Croazia","potentialAction":[{"@type":"SearchAction","target":{"@type":"EntryPoint","urlTemplate":"https:\/\/nauticahotels.com\/hr\/?s={search_term_string}"},"query-input":{"@type":"PropertyValueSpecification","valueRequired":true,"valueName":"search_term_string"}}],"inLanguage":"hr"},{"@type":"Organization","@id":"https:\/\/nauticahotels.com\/hr\/#organization","name":"Hotel Nautica - Wellness &amp; SPA, besplatan parking, dozvoljeni ku\u0107ni ljubimci","alternateName":"Hote Nautica, Novigrad - Cittanova, Istria, Croazia","url":"https:\/\/nauticahotels.com\/hr\/","logo":{"@type":"ImageObject","inLanguage":"hr","@id":"https:\/\/nauticahotels.com\/hr\/#\/schema\/logo\/image\/","url":"https:\/\/nauticahotels.com\/wp-content\/uploads\/2024\/05\/cropped-hotelNautica_icon512.png","contentUrl":"https:\/\/nauticahotels.com\/wp-content\/uploads\/2024\/05\/cropped-hotelNautica_icon512.png","width":512,"height":512,"caption":"Hotel Nautica - Wellness &amp; SPA, besplatan parking, dozvoljeni ku\u0107ni ljubimci"},"image":{"@id":"https:\/\/nauticahotels.com\/hr\/#\/schema\/logo\/image\/"},"sameAs":["https:\/\/www.facebook.com\/hotelnautica\/","https:\/\/www.instagram.com\/marinahotelnautica\/"]}]}},"_links":{"self":[{"href":"https:\/\/nauticahotels.com\/hr\/wp-json\/wp\/v2\/pages\/5044","targetHints":{"allow":["GET"]}}],"collection":[{"href":"https:\/\/nauticahotels.com\/hr\/wp-json\/wp\/v2\/pages"}],"about":[{"href":"https:\/\/nauticahotels.com\/hr\/wp-json\/wp\/v2\/types\/page"}],"author":[{"embeddable":true,"href":"https:\/\/nauticahotels.com\/hr\/wp-json\/wp\/v2\/users\/1"}],"replies":[{"embeddable":true,"href":"https:\/\/nauticahotels.com\/hr\/wp-json\/wp\/v2\/comments?post=5044"}],"version-history":[{"count":4,"href":"https:\/\/nauticahotels.com\/hr\/wp-json\/wp\/v2\/pages\/5044\/revisions"}],"predecessor-version":[{"id":8437,"href":"https:\/\/nauticahotels.com\/hr\/wp-json\/wp\/v2\/pages\/5044\/revisions\/8437"}],"wp:attachment":[{"href":"https:\/\/nauticahotels.com\/hr\/wp-json\/wp\/v2\/media?parent=5044"}],"curies":[{"name":"wp","href":"https:\/\/api.w.org\/{rel}","templated":true}]}}