{"id":6807,"date":"2025-03-07T11:38:57","date_gmt":"2025-03-07T10:38:57","guid":{"rendered":"https:\/\/nauticahotels.com\/politika-otkazivanja-i-placanja\/"},"modified":"2025-04-16T13:37:32","modified_gmt":"2025-04-16T11:37:32","slug":"politika-otkazivanja-i-placanja","status":"publish","type":"page","link":"https:\/\/nauticahotels.com\/hr\/politika-otkazivanja-i-placanja\/","title":{"rendered":"Politika otkazivanja i pla\u0107anja"},"content":{"rendered":"\t\t<div data-elementor-type=\"wp-page\" data-elementor-id=\"6807\" class=\"elementor elementor-6807 elementor-6802\">\n\t\t\t\t<div class=\"elementor-element elementor-element-27fcf24c e-flex e-con-boxed e-con e-parent\" data-id=\"27fcf24c\" data-element_type=\"container\" data-e-type=\"container\">\n\t\t\t\t\t<div class=\"e-con-inner\">\n\t\t\t\t<div class=\"elementor-element elementor-element-1f84411 elementor-widget elementor-widget-cs_tabs\" data-id=\"1f84411\" data-element_type=\"widget\" data-e-type=\"widget\" data-widget_type=\"cs_tabs.default\">\n\t\t\t\t<div class=\"elementor-widget-container\">\n\t\t\t\t\t            <div class=\"cs-tabs\">\n                <div class=\"elementor-tabs-wrapper\" role=\"tablist\">                    <div class=\"elementor-tab-title elementor-tab-desktop-title elementor-active\">\n                        <a href=\"#elementor-tab-1f84411-0\" class=\"tab-title-link\">ZA POJEDINCE<\/a>\n                    <\/div>                    <div class=\"elementor-tab-title elementor-tab-desktop-title\">\n                        <a href=\"#elementor-tab-1f84411-1\" class=\"tab-title-link\">ZA GRUPE<\/a>\n                    <\/div>                <\/div>\n\n                <div class=\"elementor-tabs-content-wrapper\" role=\"tablist\" aria-orientation=\"horizontal\">                    <div id=\"elementor-tab-1f84411-0\" class=\"elementor-tab-content elementor-clearfix elementor-active\"><p class=\"\" data-start=\"64\" data-end=\"228\"><strong data-start=\"64\" data-end=\"92\">Pravila besplatnog otkazivanja<\/strong><br data-start=\"92\" data-end=\"95\"> Besplatno otkazivanje dostupno je za rezervacije napravljene prema na\u0161oj redovnoj tarifi do 5 dana prije dolaska, do 14:00 (CET).<\/p>\n<p data-start=\"64\" data-end=\"228\"><strong>Uvjeti posebnih cijena<\/strong><br \/> Tako\u0111er mo\u017eete odlu\u010diti rezervirati jednu od na\u0161ih posebnih cijena (kao \u0161to su <em data-start=\"296\" data-end=\"310\">tajne ponude<\/em> , <em data-start=\"312\" data-end=\"328\">posebne ponude<\/em> itd.), ako su dostupne u trenutku rezervacije. Napominjemo da se na ove cijene mogu primjenjivati \u200b\u200bdruga\u010dija pravila otkazivanja, koja su jasno navedena u opisu cijene tijekom procesa rezervacije.<\/p>\n<p><strong>Rezervacije kreditnom karticom<br \/>\n<\/strong><br \/> Za potvrdu rezervacije potrebna je kreditna kartica (Maestro, MasterCard ili Visa). Klikom na &#8220;Potvrdi rezervaciju&#8221;, va\u0161a kreditna kartica mo\u017ee biti privremeno predautorizirana za 15,00 \u20ac kako bi se potvrdila njezina valjanost. Va\u0161a \u0107e banka automatski vratiti ovaj iznos u roku od nekoliko dana. Ako predautorizacija ne uspije, obavijestit \u0107emo vas. Ukoliko ne budemo mogli teretiti va\u0161u kreditnu karticu, rezervacija \u0107e biti otkazana.     Nakon razdoblja besplatnog otkazivanja, Va\u0161a \u0107e kreditna kartica biti tere\u0107ena za puni iznos rezervacije. Ako otka\u017eete nakon tog roka, napla\u0107eni iznos \u0107e se zadr\u017eati. U slu\u010daju nepojavljivanja, tako\u0111er \u0107emo zadr\u017eati cijeli iznos rezervacije.   Pla\u0107anje svih tro\u0161kova nastalih tijekom va\u0161eg boravka bit \u0107e podmireno prilikom odjave na recepciji, kreditnom karticom ili u gotovini. Prihva\u0107amo MasterCard, Visa i Maestro. <\/p>\n<p><strong>Rezervacija bankovnom doznakom<br \/><\/strong> Rezervacija bankovnom doznakom <span style=\"text-decoration: underline;\">nije mogu\u0107a ako je planirani dolazak unutar 10 dana<\/span> od rezervacije. Ukoliko nemate kreditnu karticu, svoj boravak mo\u017eete osigurati uplatom unaprijed u iznosu ukupnog iznosa rezervacije. Ovo pla\u0107anje mora biti izvr\u0161eno unutar 14 dana prije dolaska, a broj potvrde rezervacije treba biti zabilje\u017een na potvrdi o uplati.   Rezervacija \u0107e ostati u statusu \u010dekanja dok ne primimo va\u0161u uplatu. Nakon potvrde pla\u0107anja va\u0161a \u0107e rezervacija biti slu\u017ebeno osigurana.<br \/>\n Ukoliko su navedeni podaci nepotpuni ili neto\u010dni, rezervacija mo\u017ee biti otkazana.  Ukoliko uplata nije zaprimljena, zadr\u017eavamo pravo otkazivanja rezervacije bez prethodne najave.<\/p>\n<p><strong>Bankovni podaci tvrtke<br \/>\n<\/strong><br \/><strong>Naziv banke:<\/strong> Erste &amp; Steierm\u00e4rkische Bank dd<br \/><strong>Podru\u017enica:<\/strong> Novigrad<br \/><strong>IBAN:<\/strong> HR7124020061100614391<br \/><strong>SWIFT:<\/strong> ESBCHR22<br \/><strong>Korisnik:<\/strong> Sigma poslovodstvo doo<br \/><strong>NAPOMENA:<\/strong> molimo po\u0161aljite potvrdu uplate na na\u0161 email: <span style=\"text-decoration: underline;\"><a href=\"mailto:reservations@nauticahotels.com\">reservations@nauticahotels.com<\/a><\/span> .<\/p>\n<p data-start=\"164\" data-end=\"189\"><strong data-start=\"168\" data-end=\"187\">Online pla\u0107anja<br \/><\/strong> Online pla\u0107anja mogu biti potrebna za odre\u0111ene cijene ili posebne ponude i to \u0107e biti jasno nazna\u010deno tijekom procesa rezervacije. Sva pla\u0107anja sigurno se obra\u0111uju putem na\u0161eg pouzdanog pru\u017eatelja usluga pla\u0107anja. Hotel Nautica (zastupa Sigma Poslovodstvo doo) koristi <span style=\"text-decoration: underline;\">Monri WSPay<\/span> za online pla\u0107anja. <span style=\"text-decoration: underline;\">Monri WSPay<\/span> je siguran sustav za online pla\u0107anja koji nudi obradu pla\u0107anja u stvarnom vremenu putem kreditnih i debitnih kartica, kao i drugih metoda pla\u0107anja. Monri WSPay osigurava siguran unos i prijenos podataka o kartici kako za kupca tako i za trgovca, \u0161to potvr\u0111uje i <span style=\"text-decoration: underline;\">PCI DSS certifikat<\/span> koji posjeduje Monri WSPay. Sustav koristi <span style=\"text-decoration: underline;\">256-bitni SSL certifikat<\/span> i <span style=\"text-decoration: underline;\">TLS 1.2 kriptografski protokol<\/span> kao najvi\u0161u razinu za\u0161tite za unos i prijenos podataka.    <\/p>\n<table style=\"width: 100%; border: 1px solid white; border-collapse: collapse;\">\n<tbody>\n<tr>\n<td style=\"text-align: left; border: 1px solid white;\"><a href=\"http:\/\/www.wspay.info\"><img decoding=\"async\" style=\"display: inline-block; vertical-align: middle;\" src=\"https:\/\/nauticahotels.com\/wp-content\/uploads\/2025\/04\/wsPayWebSecureLogo-118x50-transparent.png\" alt=\"\" width=\"118\" height=\"50\"><\/a><\/td>\n<td style=\"text-align: right; border: 1px solid white; white-space: nowrap;\"><img decoding=\"async\" style=\"display: inline-block; vertical-align: middle;\" src=\"https:\/\/nauticahotels.com\/wp-content\/uploads\/2025\/04\/Untitled-design-4.png\" alt=\"\" width=\"110\" height=\"36\"><br \/>\n<img decoding=\"async\" style=\"display: inline-block; vertical-align: middle;\" src=\"https:\/\/nauticahotels.com\/wp-content\/uploads\/2025\/04\/ma_symbol_opt_73_1x.png\" alt=\"\" width=\"74\" height=\"52\"><br \/>\n<img loading=\"lazy\" decoding=\"async\" style=\"display: inline-block; vertical-align: middle;\" src=\"https:\/\/nauticahotels.com\/wp-content\/uploads\/2025\/04\/ms_vrt_opt_pos_73_1x.png\" alt=\"\" width=\"73\" height=\"61\"><\/td>\n<\/tr>\n<\/tbody>\n<\/table>\n                    <\/div>                    <div id=\"elementor-tab-1f84411-1\" class=\"elementor-tab-content elementor-clearfix hide\"><p>Ova se politika odnosi na grupne rezervacije i opisuje uvjete pla\u0107anja, otkazivanja i smanjenja sobe.<\/p>\n<p><strong>Politika pla\u0107anja<\/strong><\/p>\n<ul>\n<li>Za potvrdu rezervacije potrebno je <strong>44. dan prije dolaska<\/strong> <strong>uplatiti akontaciju od 30%<\/strong> ukupnog iznosa rezervacije.<\/li>\n<li><strong>Preostalih 70% iznosa<\/strong> potrebno je uplatiti <strong>najkasnije 14 dana prije dolaska<\/strong> .<\/li>\n<\/ul>\n<p><strong>Uvjeti otkazivanja<\/strong><\/p>\n<ul>\n<li><strong>45+ dana prije dolaska<\/strong> \u2192 Besplatno otkazivanje.<\/li>\n<li><strong>44 do 30 dana prije dolaska<\/strong> \u2192 potrebno je uplatiti 30% ukupnog iznosa rezervacije (bez mogu\u0107nosti povrata).<\/li>\n<li><strong>29 do 14 dana prije dolaska<\/strong> \u2192 Obavezna uplata u cijelosti, uz mogu\u0107nost smanjenja broja soba (pogledajte pravila smanjenja u nastavku).<\/li>\n<li><strong>13 dana ili manje prije dolaska<\/strong> \u2192 Nema sni\u017eenja soba; puna uplata je nepovratna.<\/li>\n<\/ul>\n<p><strong>Pravila smanjenja broja soba <em>(primjenjuju se od 29 do 14 dana prije dolaska)<\/em><\/strong><\/p>\n<ul>\n<li><strong>8 do 15 soba<\/strong> \u2192 1 soba se mo\u017ee otkazati bez naknade<\/li>\n<li><strong>16 do 25 soba<\/strong> \u2192 Mogu\u0107e je otkazati najvi\u0161e 2 sobe bez naknade<\/li>\n<li><strong>26 do 35 soba<\/strong> \u2192 Mogu\u0107e je otkazati do 3 sobe bez naknade<\/li>\n<li><strong>36 do 42 sobe<\/strong> \u2192 Mogu\u0107e je otkazati do 4 sobe bez naknade<\/li>\n<\/ul>\n<p>Sva otkazivanja i zahtjevi za smanjenje broja soba moraju se podnijeti u pisanom obliku. Sve promjene izvan ovih uvjeta zahtijevaju puno pla\u0107anje. <\/p>\n                    <\/div>                <\/div>\n            <\/div>\t\t\t\t<\/div>\n\t\t\t\t<\/div>\n\t\t\t\t\t<\/div>\n\t\t\t\t<\/div>\n\t\t<div class=\"elementor-element elementor-element-d883778 e-flex e-con-boxed e-con e-parent\" data-id=\"d883778\" data-element_type=\"container\" data-e-type=\"container\">\n\t\t\t\t\t<div class=\"e-con-inner\">\n\t\t\t\t<div class=\"elementor-element elementor-element-bcebe6d elementor-widget elementor-widget-text-editor\" data-id=\"bcebe6d\" data-element_type=\"widget\" data-e-type=\"widget\" data-widget_type=\"text-editor.default\">\n\t\t\t\t<div class=\"elementor-widget-container\">\n\t\t\t\t\t\t\t\t\t<p><em>Hotel Nautica, kojeg zastupa Sigma Poslovodstvo doo, obvezuje se na za\u0161titu osobnih podataka kupaca na na\u010din da prikuplja samo nu\u017ene osnovne podatke o kupcima\/korisnicima koji su nu\u017eni za ispunjenje na\u0161ih obveza. Informiramo korisnike o tome kako se koriste prikupljeni podaci, redovito dajemo kupcima mogu\u0107nost izbora ho\u0107e li koristiti svoje podatke ili ne, uklju\u010duju\u0107i mogu\u0107nost odluke \u017eele li da se njihovo ime ukloni s popisa koji se koriste za marketin\u0161ke kampanje. Svi podaci o klijentima su strogo povjerljivi i dostupni su samo zaposlenicima kojima su potrebni za obavljanje njihovih du\u017enosti. Svi zaposlenici Hotela Nautica, kojeg zastupa Sigma Poslovodstvo doo, i poslovni partneri odgovorni su za po\u0161tivanje na\u010dela za\u0161tite privatnosti.   <\/em><\/p>\n\t\t\t\t\t\t\t\t<\/div>\n\t\t\t\t<\/div>\n\t\t\t\t\t<\/div>\n\t\t\t\t<\/div>\n\t\t\t\t<\/div>\n\t\t","protected":false},"excerpt":{"rendered":"<p>ZA POJEDINCE ZA GRUPE Pravila besplatnog otkazivanja Besplatno otkazivanje dostupno je za rezervacije napravljene prema na\u0161oj redovnoj tarifi do 5 dana prije dolaska, do 14:00 (CET). Uvjeti posebnih cijena Tako\u0111er mo\u017eete odlu\u010diti rezervirati jednu od na\u0161ih posebnih cijena (kao \u0161to su tajne ponude , posebne ponude itd.), ako su dostupne u trenutku rezervacije. Napominjemo da &#8230;<\/p>\n","protected":false},"author":1,"featured_media":0,"parent":0,"menu_order":0,"comment_status":"closed","ping_status":"closed","template":"template-fullwidth.php","meta":{"cozystay_single_page_hide_site_header":"","cozystay_single_page_site_header_source":"","cozystay_single_page_custom_site_header":"0","cozystay_single_page_custom_sticky_site_header":"0","cozystay_single_page_hide_page_title":"","cozystay_single_page_header_section_size":"","cozystay_single_page_header_background_color":"","cozystay_single_page_header_background_position_x":"center","cozystay_single_page_header_background_position_y":"center","cozystay_single_page_header_background_size":"cover","cozystay_single_page_header_background_repeat":"off","cozystay_single_page_header_background_scroll":"on","cozystay_single_page_header_text_color":"","cozystay_single_page_header_show_breadcrumb":"","cozystay_single_page_site_footer_hide_main":"","cozystay_single_custom_site_footer_main_source":"","cozystay_single_custom_site_footer_main":"0","cozystay_single_page_site_footer_hide_above":"","cozystay_single_custom_site_footer_above_source":"","cozystay_single_custom_site_footer_above":"0","cozystay_single_page_site_footer_hide_instagram":"","cozystay_single_page_site_footer_hide_bottom":"","cozystay_single_custom_mobile_menu_source":"","cozystay_single_custom_mobile_menu":"0","cozystay_single_custom_mobile_menu_animation":"","cozystay_single_custom_mobile_menu_width":"","cozystay_single_custom_mobile_menu_custom_width":375,"footnotes":""},"class_list":["post-6807","page","type-page","status-publish","hentry"],"yoast_head":"<!-- This site is optimized with the Yoast SEO plugin v27.4 - https:\/\/yoast.com\/product\/yoast-seo-wordpress\/ -->\n<title>Politika otkazivanja i pla\u0107anja - Hotel Nautica - Wellness &amp; SPA, besplatan parking, dozvoljeni ku\u0107ni ljubimci<\/title>\n<meta name=\"robots\" content=\"index, follow, max-snippet:-1, max-image-preview:large, max-video-preview:-1\" \/>\n<link rel=\"canonical\" href=\"https:\/\/nauticahotels.com\/hr\/politika-otkazivanja-i-placanja\/\" \/>\n<meta property=\"og:locale\" content=\"hr_HR\" \/>\n<meta property=\"og:type\" content=\"article\" \/>\n<meta property=\"og:title\" content=\"Politika otkazivanja i pla\u0107anja - Hotel Nautica - Wellness &amp; SPA, besplatan parking, dozvoljeni ku\u0107ni ljubimci\" \/>\n<meta property=\"og:description\" content=\"ZA POJEDINCE ZA GRUPE Pravila besplatnog otkazivanja Besplatno otkazivanje dostupno je za rezervacije napravljene prema na\u0161oj redovnoj tarifi do 5 dana prije dolaska, do 14:00 (CET). Uvjeti posebnih cijena Tako\u0111er mo\u017eete odlu\u010diti rezervirati jednu od na\u0161ih posebnih cijena (kao \u0161to su tajne ponude , posebne ponude itd.), ako su dostupne u trenutku rezervacije. Napominjemo da ...\" \/>\n<meta property=\"og:url\" content=\"https:\/\/nauticahotels.com\/hr\/politika-otkazivanja-i-placanja\/\" \/>\n<meta property=\"og:site_name\" content=\"Hotel Nautica - Wellness &amp; SPA, besplatan parking, dozvoljeni ku\u0107ni ljubimci\" \/>\n<meta property=\"article:publisher\" content=\"https:\/\/www.facebook.com\/hotelnautica\/\" \/>\n<meta property=\"article:modified_time\" content=\"2025-04-16T11:37:32+00:00\" \/>\n<meta property=\"og:image\" content=\"https:\/\/nauticahotels.com\/wp-content\/uploads\/2025\/04\/wsPayWebSecureLogo-118x50-transparent.png\" \/>\n<meta name=\"twitter:card\" content=\"summary_large_image\" \/>\n<meta name=\"twitter:label1\" content=\"Procijenjeno vrijeme \u010ditanja\" \/>\n\t<meta name=\"twitter:data1\" content=\"4 minute\" \/>\n<script type=\"application\/ld+json\" class=\"yoast-schema-graph\">{\"@context\":\"https:\\\/\\\/schema.org\",\"@graph\":[{\"@type\":\"WebPage\",\"@id\":\"https:\\\/\\\/nauticahotels.com\\\/hr\\\/politika-otkazivanja-i-placanja\\\/\",\"url\":\"https:\\\/\\\/nauticahotels.com\\\/hr\\\/politika-otkazivanja-i-placanja\\\/\",\"name\":\"Politika otkazivanja i pla\u0107anja - Hotel Nautica - Wellness &amp; SPA, besplatan parking, dozvoljeni ku\u0107ni ljubimci\",\"isPartOf\":{\"@id\":\"https:\\\/\\\/nauticahotels.com\\\/hr\\\/#website\"},\"primaryImageOfPage\":{\"@id\":\"https:\\\/\\\/nauticahotels.com\\\/hr\\\/politika-otkazivanja-i-placanja\\\/#primaryimage\"},\"image\":{\"@id\":\"https:\\\/\\\/nauticahotels.com\\\/hr\\\/politika-otkazivanja-i-placanja\\\/#primaryimage\"},\"thumbnailUrl\":\"https:\\\/\\\/nauticahotels.com\\\/wp-content\\\/uploads\\\/2025\\\/04\\\/wsPayWebSecureLogo-118x50-transparent.png\",\"datePublished\":\"2025-03-07T10:38:57+00:00\",\"dateModified\":\"2025-04-16T11:37:32+00:00\",\"breadcrumb\":{\"@id\":\"https:\\\/\\\/nauticahotels.com\\\/hr\\\/politika-otkazivanja-i-placanja\\\/#breadcrumb\"},\"inLanguage\":\"hr\",\"potentialAction\":[{\"@type\":\"ReadAction\",\"target\":[\"https:\\\/\\\/nauticahotels.com\\\/hr\\\/politika-otkazivanja-i-placanja\\\/\"]}]},{\"@type\":\"ImageObject\",\"inLanguage\":\"hr\",\"@id\":\"https:\\\/\\\/nauticahotels.com\\\/hr\\\/politika-otkazivanja-i-placanja\\\/#primaryimage\",\"url\":\"https:\\\/\\\/nauticahotels.com\\\/wp-content\\\/uploads\\\/2025\\\/04\\\/wsPayWebSecureLogo-118x50-transparent.png\",\"contentUrl\":\"https:\\\/\\\/nauticahotels.com\\\/wp-content\\\/uploads\\\/2025\\\/04\\\/wsPayWebSecureLogo-118x50-transparent.png\"},{\"@type\":\"BreadcrumbList\",\"@id\":\"https:\\\/\\\/nauticahotels.com\\\/hr\\\/politika-otkazivanja-i-placanja\\\/#breadcrumb\",\"itemListElement\":[{\"@type\":\"ListItem\",\"position\":1,\"name\":\"Dom\",\"item\":\"https:\\\/\\\/nauticahotels.com\\\/hr\\\/\"},{\"@type\":\"ListItem\",\"position\":2,\"name\":\"Politika otkazivanja i pla\u0107anja\"}]},{\"@type\":\"WebSite\",\"@id\":\"https:\\\/\\\/nauticahotels.com\\\/hr\\\/#website\",\"url\":\"https:\\\/\\\/nauticahotels.com\\\/hr\\\/\",\"name\":\"Hotel Nautica - Wellness & SPA, Free Parking, Pet Friendly\",\"description\":\"Rezervirajte na slu\u017ebenoj web stranici \u2014 Rezervirajte izravno na slu\u017ebenoj stranici kako biste dobili zajam\u010denu najbolju cijenu. Instant potvrda. Rezervirajte izravno kako biste dobili najbolje ponude, fleksibilne mogu\u0107nosti otkazivanja i druge pogodnosti.\",\"publisher\":{\"@id\":\"https:\\\/\\\/nauticahotels.com\\\/hr\\\/#organization\"},\"alternateName\":\"Hote Nautica, Novigrad - Cittanova, Istria, Croazia\",\"potentialAction\":[{\"@type\":\"SearchAction\",\"target\":{\"@type\":\"EntryPoint\",\"urlTemplate\":\"https:\\\/\\\/nauticahotels.com\\\/hr\\\/?s={search_term_string}\"},\"query-input\":{\"@type\":\"PropertyValueSpecification\",\"valueRequired\":true,\"valueName\":\"search_term_string\"}}],\"inLanguage\":\"hr\"},{\"@type\":\"Organization\",\"@id\":\"https:\\\/\\\/nauticahotels.com\\\/hr\\\/#organization\",\"name\":\"Hotel Nautica - Wellness &amp; SPA, besplatan parking, dozvoljeni ku\u0107ni ljubimci\",\"alternateName\":\"Hote Nautica, Novigrad - Cittanova, Istria, Croazia\",\"url\":\"https:\\\/\\\/nauticahotels.com\\\/hr\\\/\",\"logo\":{\"@type\":\"ImageObject\",\"inLanguage\":\"hr\",\"@id\":\"https:\\\/\\\/nauticahotels.com\\\/hr\\\/#\\\/schema\\\/logo\\\/image\\\/\",\"url\":\"https:\\\/\\\/nauticahotels.com\\\/wp-content\\\/uploads\\\/2024\\\/05\\\/cropped-hotelNautica_icon512.png\",\"contentUrl\":\"https:\\\/\\\/nauticahotels.com\\\/wp-content\\\/uploads\\\/2024\\\/05\\\/cropped-hotelNautica_icon512.png\",\"width\":512,\"height\":512,\"caption\":\"Hotel Nautica - Wellness &amp; SPA, besplatan parking, dozvoljeni ku\u0107ni ljubimci\"},\"image\":{\"@id\":\"https:\\\/\\\/nauticahotels.com\\\/hr\\\/#\\\/schema\\\/logo\\\/image\\\/\"},\"sameAs\":[\"https:\\\/\\\/www.facebook.com\\\/hotelnautica\\\/\",\"https:\\\/\\\/www.instagram.com\\\/marinahotelnautica\\\/\"]}]}<\/script>\n<!-- \/ Yoast SEO plugin. -->","yoast_head_json":{"title":"Politika otkazivanja i pla\u0107anja - Hotel Nautica - Wellness &amp; SPA, besplatan parking, dozvoljeni ku\u0107ni ljubimci","robots":{"index":"index","follow":"follow","max-snippet":"max-snippet:-1","max-image-preview":"max-image-preview:large","max-video-preview":"max-video-preview:-1"},"canonical":"https:\/\/nauticahotels.com\/hr\/politika-otkazivanja-i-placanja\/","og_locale":"hr_HR","og_type":"article","og_title":"Politika otkazivanja i pla\u0107anja - Hotel Nautica - Wellness &amp; SPA, besplatan parking, dozvoljeni ku\u0107ni ljubimci","og_description":"ZA POJEDINCE ZA GRUPE Pravila besplatnog otkazivanja Besplatno otkazivanje dostupno je za rezervacije napravljene prema na\u0161oj redovnoj tarifi do 5 dana prije dolaska, do 14:00 (CET). Uvjeti posebnih cijena Tako\u0111er mo\u017eete odlu\u010diti rezervirati jednu od na\u0161ih posebnih cijena (kao \u0161to su tajne ponude , posebne ponude itd.), ako su dostupne u trenutku rezervacije. Napominjemo da ...","og_url":"https:\/\/nauticahotels.com\/hr\/politika-otkazivanja-i-placanja\/","og_site_name":"Hotel Nautica - Wellness &amp; SPA, besplatan parking, dozvoljeni ku\u0107ni ljubimci","article_publisher":"https:\/\/www.facebook.com\/hotelnautica\/","article_modified_time":"2025-04-16T11:37:32+00:00","og_image":[{"url":"https:\/\/nauticahotels.com\/wp-content\/uploads\/2025\/04\/wsPayWebSecureLogo-118x50-transparent.png","type":"","width":"","height":""}],"twitter_card":"summary_large_image","twitter_misc":{"Procijenjeno vrijeme \u010ditanja":"4 minute"},"schema":{"@context":"https:\/\/schema.org","@graph":[{"@type":"WebPage","@id":"https:\/\/nauticahotels.com\/hr\/politika-otkazivanja-i-placanja\/","url":"https:\/\/nauticahotels.com\/hr\/politika-otkazivanja-i-placanja\/","name":"Politika otkazivanja i pla\u0107anja - Hotel Nautica - Wellness &amp; SPA, besplatan parking, dozvoljeni ku\u0107ni ljubimci","isPartOf":{"@id":"https:\/\/nauticahotels.com\/hr\/#website"},"primaryImageOfPage":{"@id":"https:\/\/nauticahotels.com\/hr\/politika-otkazivanja-i-placanja\/#primaryimage"},"image":{"@id":"https:\/\/nauticahotels.com\/hr\/politika-otkazivanja-i-placanja\/#primaryimage"},"thumbnailUrl":"https:\/\/nauticahotels.com\/wp-content\/uploads\/2025\/04\/wsPayWebSecureLogo-118x50-transparent.png","datePublished":"2025-03-07T10:38:57+00:00","dateModified":"2025-04-16T11:37:32+00:00","breadcrumb":{"@id":"https:\/\/nauticahotels.com\/hr\/politika-otkazivanja-i-placanja\/#breadcrumb"},"inLanguage":"hr","potentialAction":[{"@type":"ReadAction","target":["https:\/\/nauticahotels.com\/hr\/politika-otkazivanja-i-placanja\/"]}]},{"@type":"ImageObject","inLanguage":"hr","@id":"https:\/\/nauticahotels.com\/hr\/politika-otkazivanja-i-placanja\/#primaryimage","url":"https:\/\/nauticahotels.com\/wp-content\/uploads\/2025\/04\/wsPayWebSecureLogo-118x50-transparent.png","contentUrl":"https:\/\/nauticahotels.com\/wp-content\/uploads\/2025\/04\/wsPayWebSecureLogo-118x50-transparent.png"},{"@type":"BreadcrumbList","@id":"https:\/\/nauticahotels.com\/hr\/politika-otkazivanja-i-placanja\/#breadcrumb","itemListElement":[{"@type":"ListItem","position":1,"name":"Dom","item":"https:\/\/nauticahotels.com\/hr\/"},{"@type":"ListItem","position":2,"name":"Politika otkazivanja i pla\u0107anja"}]},{"@type":"WebSite","@id":"https:\/\/nauticahotels.com\/hr\/#website","url":"https:\/\/nauticahotels.com\/hr\/","name":"Hotel Nautica - Wellness & SPA, Free Parking, Pet Friendly","description":"Rezervirajte na slu\u017ebenoj web stranici \u2014 Rezervirajte izravno na slu\u017ebenoj stranici kako biste dobili zajam\u010denu najbolju cijenu. Instant potvrda. Rezervirajte izravno kako biste dobili najbolje ponude, fleksibilne mogu\u0107nosti otkazivanja i druge pogodnosti.","publisher":{"@id":"https:\/\/nauticahotels.com\/hr\/#organization"},"alternateName":"Hote Nautica, Novigrad - Cittanova, Istria, Croazia","potentialAction":[{"@type":"SearchAction","target":{"@type":"EntryPoint","urlTemplate":"https:\/\/nauticahotels.com\/hr\/?s={search_term_string}"},"query-input":{"@type":"PropertyValueSpecification","valueRequired":true,"valueName":"search_term_string"}}],"inLanguage":"hr"},{"@type":"Organization","@id":"https:\/\/nauticahotels.com\/hr\/#organization","name":"Hotel Nautica - Wellness &amp; SPA, besplatan parking, dozvoljeni ku\u0107ni ljubimci","alternateName":"Hote Nautica, Novigrad - Cittanova, Istria, Croazia","url":"https:\/\/nauticahotels.com\/hr\/","logo":{"@type":"ImageObject","inLanguage":"hr","@id":"https:\/\/nauticahotels.com\/hr\/#\/schema\/logo\/image\/","url":"https:\/\/nauticahotels.com\/wp-content\/uploads\/2024\/05\/cropped-hotelNautica_icon512.png","contentUrl":"https:\/\/nauticahotels.com\/wp-content\/uploads\/2024\/05\/cropped-hotelNautica_icon512.png","width":512,"height":512,"caption":"Hotel Nautica - Wellness &amp; SPA, besplatan parking, dozvoljeni ku\u0107ni ljubimci"},"image":{"@id":"https:\/\/nauticahotels.com\/hr\/#\/schema\/logo\/image\/"},"sameAs":["https:\/\/www.facebook.com\/hotelnautica\/","https:\/\/www.instagram.com\/marinahotelnautica\/"]}]}},"_links":{"self":[{"href":"https:\/\/nauticahotels.com\/hr\/wp-json\/wp\/v2\/pages\/6807","targetHints":{"allow":["GET"]}}],"collection":[{"href":"https:\/\/nauticahotels.com\/hr\/wp-json\/wp\/v2\/pages"}],"about":[{"href":"https:\/\/nauticahotels.com\/hr\/wp-json\/wp\/v2\/types\/page"}],"author":[{"embeddable":true,"href":"https:\/\/nauticahotels.com\/hr\/wp-json\/wp\/v2\/users\/1"}],"replies":[{"embeddable":true,"href":"https:\/\/nauticahotels.com\/hr\/wp-json\/wp\/v2\/comments?post=6807"}],"version-history":[{"count":5,"href":"https:\/\/nauticahotels.com\/hr\/wp-json\/wp\/v2\/pages\/6807\/revisions"}],"predecessor-version":[{"id":7282,"href":"https:\/\/nauticahotels.com\/hr\/wp-json\/wp\/v2\/pages\/6807\/revisions\/7282"}],"wp:attachment":[{"href":"https:\/\/nauticahotels.com\/hr\/wp-json\/wp\/v2\/media?parent=6807"}],"curies":[{"name":"wp","href":"https:\/\/api.w.org\/{rel}","templated":true}]}}